{"id":672,"date":"2023-12-07T17:10:45","date_gmt":"2023-12-07T16:10:45","guid":{"rendered":"https:\/\/www.germomogas.com\/declaracio-daccessibilitat\/"},"modified":"2024-02-26T09:09:23","modified_gmt":"2024-02-26T09:09:23","slug":"declaracio-daccessibilitat","status":"publish","type":"page","link":"https:\/\/www.germomogas.com\/ca\/declaracio-daccessibilitat\/","title":{"rendered":"Declaraci\u00f3 d&#8217;accessibilitat"},"content":{"rendered":"\t\t<div data-elementor-type=\"wp-page\" data-elementor-id=\"672\" class=\"elementor elementor-672 elementor-248\" data-elementor-post-type=\"page\">\n\t\t\t\t<div class=\"elementor-element elementor-element-50ca60f e-flex e-con-boxed e-con e-parent\" data-id=\"50ca60f\" data-element_type=\"container\" data-e-type=\"container\">\n\t\t\t\t\t<div class=\"e-con-inner\">\n\t\t\t\t<div class=\"elementor-element elementor-element-d59b10e elementor-widget elementor-widget-heading\" data-id=\"d59b10e\" data-element_type=\"widget\" data-e-type=\"widget\" data-widget_type=\"heading.default\">\n\t\t\t\t<div class=\"elementor-widget-container\">\n\t\t\t\t\t<h1 class=\"elementor-heading-title elementor-size-default\">Declaraci\u00f3 d'accessibilitat<\/h1>\t\t\t\t<\/div>\n\t\t\t\t<\/div>\n\t\t\t\t<div class=\"elementor-element elementor-element-6cabc6d elementor-widget elementor-widget-template\" data-id=\"6cabc6d\" data-element_type=\"widget\" data-e-type=\"widget\" data-widget_type=\"template.default\">\n\t\t\t\t<div class=\"elementor-widget-container\">\n\t\t\t\t\t\t\t<div class=\"elementor-template\">\n\t\t\t\t\t<div data-elementor-type=\"container\" data-elementor-id=\"89\" class=\"elementor elementor-89\" data-elementor-post-type=\"elementor_library\">\n\t\t\t\t<div class=\"elementor-element elementor-element-ff66631 e-flex e-con-boxed e-con e-parent\" data-id=\"ff66631\" data-element_type=\"container\" data-e-type=\"container\">\n\t\t\t\t\t<div class=\"e-con-inner\">\n\t\t\t\t<div class=\"elementor-element elementor-element-54d44e0 elementor-widget elementor-widget-shortcode\" data-id=\"54d44e0\" data-element_type=\"widget\" data-e-type=\"widget\" data-widget_type=\"shortcode.default\">\n\t\t\t\t<div class=\"elementor-widget-container\">\n\t\t\t\t\t\t\t<div class=\"elementor-shortcode\"><span><span><a href=\"https:\/\/www.germomogas.com\/ca\/\">Inicio<\/a><\/span><\/span><\/div>\n\t\t\t\t\t\t<\/div>\n\t\t\t\t<\/div>\n\t\t\t\t\t<\/div>\n\t\t\t\t<\/div>\n\t\t\t\t<\/div>\n\t\t\t\t<\/div>\n\t\t\t\t\t\t<\/div>\n\t\t\t\t<\/div>\n\t\t\t\t\t<\/div>\n\t\t\t\t<\/div>\n\t\t<div class=\"elementor-element elementor-element-f755fef e-flex e-con-boxed e-con e-parent\" data-id=\"f755fef\" data-element_type=\"container\" data-e-type=\"container\">\n\t\t\t\t\t<div class=\"e-con-inner\">\n\t\t\t\t<div class=\"elementor-element elementor-element-fc7dc0a elementor-widget elementor-widget-text-editor\" data-id=\"fc7dc0a\" data-element_type=\"widget\" data-e-type=\"widget\" data-widget_type=\"text-editor.default\">\n\t\t\t\t<div class=\"elementor-widget-container\">\n\t\t\t\t\t\t\t\t\t<p>XXXXX s&#8217;ha comprom\u00e8s a fer accessible el seu lloc web de conformitat amb el Reial decret 1112\/2018, de 7 de setembre, sobre accessibilitat dels llocs web i aplicacions per a dispositius m\u00f2bils del sector p\u00fablic (d&#8217;ara endavant, RD 1112\/2018, de 7 de setembre).<\/p>\n<p>La present declaraci\u00f3 d&#8217;accessibilitat s&#8217;aplica al lloc web <a href=\"https:\/\/www.germomogas.com\/ca\/\">https:\/\/www.germomogas.com\/<\/a>, excloent els continguts incrustats provinents d&#8217;altres dominis.<\/p>\n<h3> <\/h3>\n<h5>SITUACI\u00d3 DE COMPLIMENT<\/h5>\n<p>Aquest lloc web \u00e9s parcialment conforme amb l&#8217;RD 1112\/2018, de 7 de setembre, a causa de les excepcions i a la falta de conformitat dels aspectes que s&#8217;indiquen a continuaci\u00f3.<\/p>\n<\/p>\n<h5>CONTINGUT NO ACCESSIBLE<\/h5>\n<p>El contingut que es recull a continuaci\u00f3 no \u00e9s accessible pel seg\u00fcent:<\/p>\n<p>1.- Falta de conformitat amb RD 1112\/2018:<\/p>\n<ul>\n<li>Pel fet que s&#8217;utilitza un gestor de continguts i existeixen diferents usuaris actualitzant i creant continguts nous, podrien existir fallades puntuals d&#8217;edici\u00f3 en alguna p\u00e0gina web, tant en continguts HTML com en documents finals. No obstant aix\u00f2, existeix el comprom\u00eds de revisi\u00f3 peri\u00f2dica i de solucionar els problemes notificats pels usuaris.<\/li>\n<li>Pot haver contingut extern, com els components de Facebook, Twitter, YouTube o Google Maps, que no compleixen completament amb els criteris d&#8217;accessibilitat.<\/li>\n<li>\u2022 Pot haver-hi alguna p\u00e0gina on part del contingut pot presentar-se amb p\u00e8rdua d&#8217;informaci\u00f3 o funcionalitat, necessitant fer scroll en dues dimensions [criterio de \u00e9xito 1.4.10]. [criteri d\u2019\u00e8xit 1.4.10].<\/li>\n<\/ul>\n<p>2. Carga desproporcionada: No aplica<\/p>\n<p>3.- El contingut no entra dins de l&#8217;\u00e0mbit de la legislaci\u00f3 aplicable: podrien existir arxius ofim\u00e0tics en PDF o altres formats publicats abans del 20 de setembre de 2018 que no compleixin \u00edntegrament tots els requisits d&#8217;accessibilitat.<\/p>\n<\/p>\n<h5>PREPARACI\u00d3 DE LA PRESENT DECLARACI\u00d3 D&#8217;ACCESSIBILITAT<\/h5>\n<p>La present declaraci\u00f3 va ser preparada el 15 de febrer de 2023.<\/p>\n<p>El m\u00e8tode emprat per a preparar la declaraci\u00f3 ha estat una autoavaluaci\u00f3 duta a terme pel responsable d&#8217;accessibilitat.<\/p>\n<p>\u00daltima revisi\u00f3 de la declaraci\u00f3: 15 de febrer de 2023.<\/p>\n<\/p>\n<h5>OBSERVACIONS I DADES DE CONTACTE<\/h5>\n<p>Pot realitzar comunicacions sobre requisits d&#8217;accessibilitat (article 10.2.a) del Reial decret 1112\/2018, de 7 de setembre) com, per exemple:<\/p>\n<ul>\n<li>Informar sobre qualsevol possible incompliment per part d&#8217;aquest lloc web.<\/li>\n<li>Transmetre altres dificultats d&#8217;acc\u00e9s al contingut.<\/li>\n<li>Formular qualsevol altra consulta o suggeriment de millora relativa a l&#8217;accessibilitat del lloc web.<\/li>\n<\/ul>\n<p>Utilitzant les seg\u00fcents vies:<\/p>\n<ul>\n<li>Formulari de contacte de la p\u00e0gina web<\/li>\n<li>Correu electr\u00f2nic: XXXXXXXXX<\/li>\n<li>Tel\u00e8fon: XXXXXXX<\/li>\n<\/ul>\n<h5>PROCEDIMENT D&#8217;APLICACI\u00d3<\/h5>\n<p>A trav\u00e9s d&#8217;aquest procediment podr\u00e0 iniciar una reclamaci\u00f3 per a con\u00e8ixer i oposar-se als motius de la desestimaci\u00f3 d&#8217;una sol\u00b7licitud d&#8217;informaci\u00f3 accessible o queixa, instar l&#8217;adopci\u00f3 de les mesures oportunes en el cas de no estar d&#8217;acord amb la decisi\u00f3 adoptada, o exposar les raons per les quals es considera que la resposta no compleix amb els requisits exigits.<\/p>\n<p><a href=\"https:\/\/www.germomogas.com\/ca\/contacte\/\">Formulari de contacte<\/a><\/p>\n<\/p>\n<h5>CONTINGUT OPCIONAL<\/h5>\n<p>La versi\u00f3 actualment visible d&#8217;aquest lloc web \u00e9s de febrer de 2023.<\/p>\n<p>A partir d&#8217;aquesta data es duen a terme revisions parcials dels continguts, tant de les plantilles com de les p\u00e0gines i documents finals publicats, a fi d&#8217;assegurar el compliment dels requeriments d&#8217;accessibilitat que actualment s\u00f3n els d&#8217;i AA de la norma WCAG 2.1, considerant les excepcions del Reial decret 1112\/2018, de 7 de setembre.<\/p>\n<\/p>\n<h5>GRAND\u00c0RIA DEL TEXT<\/h5>\n<p>A fi de prestar un millor servei, SIMM emmagatzema en l&#8217;ordinador de l&#8217;Usuari petits fitxers d&#8217;informaci\u00f3 denominats cookies. Per a m\u00e9s informaci\u00f3 sobre les cookies i la seva configuraci\u00f3 accedeixi a la nostra Pol\u00edtica de Cookies.<\/p>\n<p>Google Chrome \/ Edge: Obrir men\u00fa &gt; Zoom<\/p>\n<p>Mozilla Firefox: Obrir men\u00fa &gt; Tamany<\/p>\n<p>Internet Explorer: Veure &gt; Tamany del text &gt; Gran o Molt Gran<\/p>\n<p>Opera: View &gt; Zoom &gt; %<\/p>\n<p>Safari: View &gt; Make text bigger<\/p>\n\t\t\t\t\t\t\t\t<\/div>\n\t\t\t\t<\/div>\n\t\t\t\t\t<\/div>\n\t\t\t\t<\/div>\n\t\t\t\t<\/div>\n\t\t","protected":false},"excerpt":{"rendered":"<p>Declaraci\u00f3 d&#8217;accessibilitat XXXXX s&#8217;ha comprom\u00e8s a fer accessible el seu lloc web de conformitat amb el Reial decret 1112\/2018, de 7 de setembre, sobre accessibilitat dels llocs web i aplicacions per a dispositius m\u00f2bils del sector p\u00fablic (d&#8217;ara endavant, RD 1112\/2018, de 7 de setembre). La present declaraci\u00f3 d&#8217;accessibilitat s&#8217;aplica al lloc web https:\/\/www.germomogas.com\/, excloent &#8230; <a title=\"Declaraci\u00f3 d&#8217;accessibilitat\" class=\"read-more\" href=\"https:\/\/www.germomogas.com\/ca\/declaracio-daccessibilitat\/\" aria-label=\"M\u00e9s informaci\u00f3 sobre Declaraci\u00f3 d&#8217;accessibilitat\">Llegiu m\u00e9s<\/a><\/p>\n","protected":false},"author":1,"featured_media":0,"parent":0,"menu_order":110,"comment_status":"closed","ping_status":"closed","template":"elementor_header_footer","meta":{"footnotes":""},"class_list":["post-672","page","type-page","status-publish"],"yoast_head":"<!-- This site is optimized with the Yoast SEO plugin v27.3 - https:\/\/yoast.com\/product\/yoast-seo-wordpress\/ -->\n<title>Declaraci\u00f3 d&#039;accessibilitat - Germo Mogas<\/title>\n<meta name=\"robots\" content=\"index, follow, max-snippet:-1, max-image-preview:large, max-video-preview:-1\" \/>\n<link rel=\"canonical\" href=\"https:\/\/www.germomogas.com\/ca\/declaracio-daccessibilitat\/\" \/>\n<meta property=\"og:locale\" content=\"ca_ES\" \/>\n<meta property=\"og:type\" content=\"article\" \/>\n<meta property=\"og:title\" content=\"Declaraci\u00f3 d&#039;accessibilitat - Germo Mogas\" \/>\n<meta property=\"og:description\" content=\"Declaraci\u00f3 d&#8217;accessibilitat XXXXX s&#8217;ha comprom\u00e8s a fer accessible el seu lloc web de conformitat amb el Reial decret 1112\/2018, de 7 de setembre, sobre accessibilitat dels llocs web i aplicacions per a dispositius m\u00f2bils del sector p\u00fablic (d&#8217;ara endavant, RD 1112\/2018, de 7 de setembre). La present declaraci\u00f3 d&#8217;accessibilitat s&#8217;aplica al lloc web https:\/\/www.germomogas.com\/, excloent ... Llegiu m\u00e9s\" \/>\n<meta property=\"og:url\" content=\"https:\/\/www.germomogas.com\/ca\/declaracio-daccessibilitat\/\" \/>\n<meta property=\"og:site_name\" content=\"Germo Mogas\" \/>\n<meta property=\"article:modified_time\" content=\"2024-02-26T09:09:23+00:00\" \/>\n<meta name=\"twitter:card\" content=\"summary_large_image\" \/>\n<meta name=\"twitter:label1\" content=\"Temps estimat de lectura\" \/>\n\t<meta name=\"twitter:data1\" content=\"3 minuts\" \/>\n<script type=\"application\/ld+json\" class=\"yoast-schema-graph\">{\"@context\":\"https:\\\/\\\/schema.org\",\"@graph\":[{\"@type\":\"WebPage\",\"@id\":\"https:\\\/\\\/www.germomogas.com\\\/ca\\\/declaracio-daccessibilitat\\\/\",\"url\":\"https:\\\/\\\/www.germomogas.com\\\/ca\\\/declaracio-daccessibilitat\\\/\",\"name\":\"Declaraci\u00f3 d'accessibilitat - Germo Mogas\",\"isPartOf\":{\"@id\":\"https:\\\/\\\/www.germomogas.com\\\/ca\\\/#website\"},\"datePublished\":\"2023-12-07T16:10:45+00:00\",\"dateModified\":\"2024-02-26T09:09:23+00:00\",\"breadcrumb\":{\"@id\":\"https:\\\/\\\/www.germomogas.com\\\/ca\\\/declaracio-daccessibilitat\\\/#breadcrumb\"},\"inLanguage\":\"ca\",\"potentialAction\":[{\"@type\":\"ReadAction\",\"target\":[\"https:\\\/\\\/www.germomogas.com\\\/ca\\\/declaracio-daccessibilitat\\\/\"]}]},{\"@type\":\"BreadcrumbList\",\"@id\":\"https:\\\/\\\/www.germomogas.com\\\/ca\\\/declaracio-daccessibilitat\\\/#breadcrumb\",\"itemListElement\":[{\"@type\":\"ListItem\",\"position\":1,\"name\":\"Inicio\",\"item\":\"https:\\\/\\\/www.germomogas.com\\\/ca\\\/\"},{\"@type\":\"ListItem\",\"position\":2,\"name\":\"Declaraci\u00f3 d&#8217;accessibilitat\"}]},{\"@type\":\"WebSite\",\"@id\":\"https:\\\/\\\/www.germomogas.com\\\/ca\\\/#website\",\"url\":\"https:\\\/\\\/www.germomogas.com\\\/ca\\\/\",\"name\":\"Germo Mogas\",\"description\":\"\",\"potentialAction\":[{\"@type\":\"SearchAction\",\"target\":{\"@type\":\"EntryPoint\",\"urlTemplate\":\"https:\\\/\\\/www.germomogas.com\\\/ca\\\/?s={search_term_string}\"},\"query-input\":{\"@type\":\"PropertyValueSpecification\",\"valueRequired\":true,\"valueName\":\"search_term_string\"}}],\"inLanguage\":\"ca\"}]}<\/script>\n<!-- \/ Yoast SEO plugin. -->","yoast_head_json":{"title":"Declaraci\u00f3 d'accessibilitat - Germo Mogas","robots":{"index":"index","follow":"follow","max-snippet":"max-snippet:-1","max-image-preview":"max-image-preview:large","max-video-preview":"max-video-preview:-1"},"canonical":"https:\/\/www.germomogas.com\/ca\/declaracio-daccessibilitat\/","og_locale":"ca_ES","og_type":"article","og_title":"Declaraci\u00f3 d'accessibilitat - Germo Mogas","og_description":"Declaraci\u00f3 d&#8217;accessibilitat XXXXX s&#8217;ha comprom\u00e8s a fer accessible el seu lloc web de conformitat amb el Reial decret 1112\/2018, de 7 de setembre, sobre accessibilitat dels llocs web i aplicacions per a dispositius m\u00f2bils del sector p\u00fablic (d&#8217;ara endavant, RD 1112\/2018, de 7 de setembre). La present declaraci\u00f3 d&#8217;accessibilitat s&#8217;aplica al lloc web https:\/\/www.germomogas.com\/, excloent ... Llegiu m\u00e9s","og_url":"https:\/\/www.germomogas.com\/ca\/declaracio-daccessibilitat\/","og_site_name":"Germo Mogas","article_modified_time":"2024-02-26T09:09:23+00:00","twitter_card":"summary_large_image","twitter_misc":{"Temps estimat de lectura":"3 minuts"},"schema":{"@context":"https:\/\/schema.org","@graph":[{"@type":"WebPage","@id":"https:\/\/www.germomogas.com\/ca\/declaracio-daccessibilitat\/","url":"https:\/\/www.germomogas.com\/ca\/declaracio-daccessibilitat\/","name":"Declaraci\u00f3 d'accessibilitat - Germo Mogas","isPartOf":{"@id":"https:\/\/www.germomogas.com\/ca\/#website"},"datePublished":"2023-12-07T16:10:45+00:00","dateModified":"2024-02-26T09:09:23+00:00","breadcrumb":{"@id":"https:\/\/www.germomogas.com\/ca\/declaracio-daccessibilitat\/#breadcrumb"},"inLanguage":"ca","potentialAction":[{"@type":"ReadAction","target":["https:\/\/www.germomogas.com\/ca\/declaracio-daccessibilitat\/"]}]},{"@type":"BreadcrumbList","@id":"https:\/\/www.germomogas.com\/ca\/declaracio-daccessibilitat\/#breadcrumb","itemListElement":[{"@type":"ListItem","position":1,"name":"Inicio","item":"https:\/\/www.germomogas.com\/ca\/"},{"@type":"ListItem","position":2,"name":"Declaraci\u00f3 d&#8217;accessibilitat"}]},{"@type":"WebSite","@id":"https:\/\/www.germomogas.com\/ca\/#website","url":"https:\/\/www.germomogas.com\/ca\/","name":"Germo Mogas","description":"","potentialAction":[{"@type":"SearchAction","target":{"@type":"EntryPoint","urlTemplate":"https:\/\/www.germomogas.com\/ca\/?s={search_term_string}"},"query-input":{"@type":"PropertyValueSpecification","valueRequired":true,"valueName":"search_term_string"}}],"inLanguage":"ca"}]}},"_links":{"self":[{"href":"https:\/\/www.germomogas.com\/ca\/wp-json\/wp\/v2\/pages\/672","targetHints":{"allow":["GET"]}}],"collection":[{"href":"https:\/\/www.germomogas.com\/ca\/wp-json\/wp\/v2\/pages"}],"about":[{"href":"https:\/\/www.germomogas.com\/ca\/wp-json\/wp\/v2\/types\/page"}],"author":[{"embeddable":true,"href":"https:\/\/www.germomogas.com\/ca\/wp-json\/wp\/v2\/users\/1"}],"replies":[{"embeddable":true,"href":"https:\/\/www.germomogas.com\/ca\/wp-json\/wp\/v2\/comments?post=672"}],"version-history":[{"count":3,"href":"https:\/\/www.germomogas.com\/ca\/wp-json\/wp\/v2\/pages\/672\/revisions"}],"predecessor-version":[{"id":675,"href":"https:\/\/www.germomogas.com\/ca\/wp-json\/wp\/v2\/pages\/672\/revisions\/675"}],"wp:attachment":[{"href":"https:\/\/www.germomogas.com\/ca\/wp-json\/wp\/v2\/media?parent=672"}],"curies":[{"name":"wp","href":"https:\/\/api.w.org\/{rel}","templated":true}]}}