{"id":668,"date":"2023-12-07T17:09:57","date_gmt":"2023-12-07T16:09:57","guid":{"rendered":"https:\/\/www.germomogas.com\/mapa-web\/"},"modified":"2024-02-26T09:00:26","modified_gmt":"2024-02-26T09:00:26","slug":"mapa-web","status":"publish","type":"page","link":"https:\/\/www.germomogas.com\/ca\/mapa-web\/","title":{"rendered":"Mapa Web"},"content":{"rendered":"\t\t<div data-elementor-type=\"wp-page\" data-elementor-id=\"668\" class=\"elementor elementor-668 elementor-246\" data-elementor-post-type=\"page\">\n\t\t\t\t<div class=\"elementor-element elementor-element-522b076 e-flex e-con-boxed e-con e-parent\" data-id=\"522b076\" data-element_type=\"container\" data-e-type=\"container\">\n\t\t\t\t\t<div class=\"e-con-inner\">\n\t\t\t\t<div class=\"elementor-element elementor-element-ebc437a elementor-widget elementor-widget-heading\" data-id=\"ebc437a\" data-element_type=\"widget\" data-e-type=\"widget\" data-widget_type=\"heading.default\">\n\t\t\t\t<div class=\"elementor-widget-container\">\n\t\t\t\t\t<h1 class=\"elementor-heading-title elementor-size-default\">Mapa web<\/h1>\t\t\t\t<\/div>\n\t\t\t\t<\/div>\n\t\t\t\t<div class=\"elementor-element elementor-element-9e6ff62 elementor-widget elementor-widget-template\" data-id=\"9e6ff62\" data-element_type=\"widget\" data-e-type=\"widget\" data-widget_type=\"template.default\">\n\t\t\t\t<div class=\"elementor-widget-container\">\n\t\t\t\t\t\t\t<div class=\"elementor-template\">\n\t\t\t\t\t<div data-elementor-type=\"container\" data-elementor-id=\"89\" class=\"elementor elementor-89\" data-elementor-post-type=\"elementor_library\">\n\t\t\t\t<div class=\"elementor-element elementor-element-ff66631 e-flex e-con-boxed e-con e-parent\" data-id=\"ff66631\" data-element_type=\"container\" data-e-type=\"container\">\n\t\t\t\t\t<div class=\"e-con-inner\">\n\t\t\t\t<div class=\"elementor-element elementor-element-54d44e0 elementor-widget elementor-widget-shortcode\" data-id=\"54d44e0\" data-element_type=\"widget\" data-e-type=\"widget\" data-widget_type=\"shortcode.default\">\n\t\t\t\t<div class=\"elementor-widget-container\">\n\t\t\t\t\t\t\t<div class=\"elementor-shortcode\"><span><span><a href=\"https:\/\/www.germomogas.com\/ca\/\">Inicio<\/a><\/span><\/span><\/div>\n\t\t\t\t\t\t<\/div>\n\t\t\t\t<\/div>\n\t\t\t\t\t<\/div>\n\t\t\t\t<\/div>\n\t\t\t\t<\/div>\n\t\t\t\t<\/div>\n\t\t\t\t\t\t<\/div>\n\t\t\t\t<\/div>\n\t\t\t\t\t<\/div>\n\t\t\t\t<\/div>\n\t\t<div class=\"elementor-element elementor-element-53de15a e-flex e-con-boxed e-con e-parent\" data-id=\"53de15a\" data-element_type=\"container\" data-e-type=\"container\">\n\t\t\t\t\t<div class=\"e-con-inner\">\n\t\t<div class=\"elementor-element elementor-element-17f428a e-con-full e-flex e-con e-child\" data-id=\"17f428a\" data-element_type=\"container\" data-e-type=\"container\">\n\t\t\t\t<div class=\"elementor-element elementor-element-dceacc9 elementor-widget elementor-widget-text-editor\" data-id=\"dceacc9\" data-element_type=\"widget\" data-e-type=\"widget\" data-widget_type=\"text-editor.default\">\n\t\t\t\t<div class=\"elementor-widget-container\">\n\t\t\t\t\t\t\t\t\t<p><a href=\"https:\/\/www.germomogas.com\/ca\/\">Inici<\/a><\/p>\n<p><a href=\"https:\/\/www.germomogas.com\/ca\/locals\/\">Locals<\/a><\/p>\n<p><a href=\"https:\/\/www.germomogas.com\/ca\/habitatges\/\">Habitatges<\/a><\/p>\n\t\t\t\t\t\t\t\t<\/div>\n\t\t\t\t<\/div>\n\t\t\t\t<\/div>\n\t\t<div class=\"elementor-element elementor-element-13038ea e-con-full e-flex e-con e-child\" data-id=\"13038ea\" data-element_type=\"container\" data-e-type=\"container\">\n\t\t\t\t<div class=\"elementor-element elementor-element-acb0e79 elementor-widget elementor-widget-text-editor\" data-id=\"acb0e79\" data-element_type=\"widget\" data-e-type=\"widget\" data-widget_type=\"text-editor.default\">\n\t\t\t\t<div class=\"elementor-widget-container\">\n\t\t\t\t\t\t\t\t\t<p><a href=\"https:\/\/www.germomogas.com\/ca\/contacte\/\">Contacte<\/a><\/p>\n<p><a href=\"https:\/\/www.germomogas.com\/ca\/politica-de-privacitat\/\">Pol\u00edtica de Privacitat<\/a><\/p>\n<p><a href=\"https:\/\/www.germomogas.com\/ca\/politica-de-cookies\/\">Pol\u00edtica de Cookies<\/a><\/p>\n\t\t\t\t\t\t\t\t<\/div>\n\t\t\t\t<\/div>\n\t\t\t\t<\/div>\n\t\t<div class=\"elementor-element elementor-element-38819a7 e-con-full e-flex e-con e-child\" data-id=\"38819a7\" data-element_type=\"container\" data-e-type=\"container\">\n\t\t\t\t<div class=\"elementor-element elementor-element-c24c287 elementor-widget elementor-widget-text-editor\" data-id=\"c24c287\" data-element_type=\"widget\" data-e-type=\"widget\" data-widget_type=\"text-editor.default\">\n\t\t\t\t<div class=\"elementor-widget-container\">\n\t\t\t\t\t\t\t\t\t<p><a href=\"https:\/\/www.germomogas.com\/declaracion-de-accesibilidad\/\">Declaraci\u00f3 d&#8217;accessibilitat<\/a><\/p>\n<p><a href=\"https:\/\/www.germomogas.com\/ca\/mapa-web\/\">Mapa web<\/a><\/p>\n<p><a href=\"https:\/\/www.germomogas.com\/ca\/avis-legal\/\">Av\u00eds legal<\/a><\/p>\n\t\t\t\t\t\t\t\t<\/div>\n\t\t\t\t<\/div>\n\t\t\t\t<\/div>\n\t\t<div class=\"elementor-element elementor-element-eb101b8 e-con-full e-flex e-con e-child\" data-id=\"eb101b8\" data-element_type=\"container\" data-e-type=\"container\">\n\t\t\t\t<\/div>\n\t\t<div class=\"elementor-element elementor-element-5eec8d1 e-con-full e-flex e-con e-child\" data-id=\"5eec8d1\" data-element_type=\"container\" data-e-type=\"container\">\n\t\t\t\t<\/div>\n\t\t<div class=\"elementor-element elementor-element-d9f2bed e-con-full e-flex e-con e-child\" data-id=\"d9f2bed\" data-element_type=\"container\" data-e-type=\"container\">\n\t\t\t\t<\/div>\n\t\t\t\t\t<\/div>\n\t\t\t\t<\/div>\n\t\t\t\t<\/div>\n\t\t","protected":false},"excerpt":{"rendered":"<p>Mapa web Inici Locals Habitatges Contacte Pol\u00edtica de Privacitat Pol\u00edtica de Cookies Declaraci\u00f3 d&#8217;accessibilitat Mapa web Av\u00eds legal<\/p>\n","protected":false},"author":1,"featured_media":0,"parent":0,"menu_order":110,"comment_status":"closed","ping_status":"closed","template":"elementor_header_footer","meta":{"footnotes":""},"class_list":["post-668","page","type-page","status-publish"],"yoast_head":"<!-- This site is optimized with the Yoast SEO plugin v27.3 - https:\/\/yoast.com\/product\/yoast-seo-wordpress\/ -->\n<title>Mapa Web - Germo Mogas<\/title>\n<meta name=\"robots\" content=\"index, follow, max-snippet:-1, max-image-preview:large, max-video-preview:-1\" \/>\n<link rel=\"canonical\" href=\"https:\/\/www.germomogas.com\/ca\/mapa-web\/\" \/>\n<meta property=\"og:locale\" content=\"ca_ES\" \/>\n<meta property=\"og:type\" content=\"article\" \/>\n<meta property=\"og:title\" content=\"Mapa Web - Germo Mogas\" \/>\n<meta property=\"og:description\" content=\"Mapa web Inici Locals Habitatges Contacte Pol\u00edtica de Privacitat Pol\u00edtica de Cookies Declaraci\u00f3 d&#8217;accessibilitat Mapa web Av\u00eds legal\" \/>\n<meta property=\"og:url\" content=\"https:\/\/www.germomogas.com\/ca\/mapa-web\/\" \/>\n<meta property=\"og:site_name\" content=\"Germo Mogas\" \/>\n<meta property=\"article:modified_time\" content=\"2024-02-26T09:00:26+00:00\" \/>\n<meta name=\"twitter:card\" content=\"summary_large_image\" \/>\n<script type=\"application\/ld+json\" class=\"yoast-schema-graph\">{\"@context\":\"https:\\\/\\\/schema.org\",\"@graph\":[{\"@type\":\"WebPage\",\"@id\":\"https:\\\/\\\/www.germomogas.com\\\/ca\\\/mapa-web\\\/\",\"url\":\"https:\\\/\\\/www.germomogas.com\\\/ca\\\/mapa-web\\\/\",\"name\":\"Mapa Web - Germo Mogas\",\"isPartOf\":{\"@id\":\"https:\\\/\\\/www.germomogas.com\\\/ca\\\/#website\"},\"datePublished\":\"2023-12-07T16:09:57+00:00\",\"dateModified\":\"2024-02-26T09:00:26+00:00\",\"breadcrumb\":{\"@id\":\"https:\\\/\\\/www.germomogas.com\\\/ca\\\/mapa-web\\\/#breadcrumb\"},\"inLanguage\":\"ca\",\"potentialAction\":[{\"@type\":\"ReadAction\",\"target\":[\"https:\\\/\\\/www.germomogas.com\\\/ca\\\/mapa-web\\\/\"]}]},{\"@type\":\"BreadcrumbList\",\"@id\":\"https:\\\/\\\/www.germomogas.com\\\/ca\\\/mapa-web\\\/#breadcrumb\",\"itemListElement\":[{\"@type\":\"ListItem\",\"position\":1,\"name\":\"Inicio\",\"item\":\"https:\\\/\\\/www.germomogas.com\\\/ca\\\/\"},{\"@type\":\"ListItem\",\"position\":2,\"name\":\"Mapa Web\"}]},{\"@type\":\"WebSite\",\"@id\":\"https:\\\/\\\/www.germomogas.com\\\/ca\\\/#website\",\"url\":\"https:\\\/\\\/www.germomogas.com\\\/ca\\\/\",\"name\":\"Germo Mogas\",\"description\":\"\",\"potentialAction\":[{\"@type\":\"SearchAction\",\"target\":{\"@type\":\"EntryPoint\",\"urlTemplate\":\"https:\\\/\\\/www.germomogas.com\\\/ca\\\/?s={search_term_string}\"},\"query-input\":{\"@type\":\"PropertyValueSpecification\",\"valueRequired\":true,\"valueName\":\"search_term_string\"}}],\"inLanguage\":\"ca\"}]}<\/script>\n<!-- \/ Yoast SEO plugin. -->","yoast_head_json":{"title":"Mapa Web - Germo Mogas","robots":{"index":"index","follow":"follow","max-snippet":"max-snippet:-1","max-image-preview":"max-image-preview:large","max-video-preview":"max-video-preview:-1"},"canonical":"https:\/\/www.germomogas.com\/ca\/mapa-web\/","og_locale":"ca_ES","og_type":"article","og_title":"Mapa Web - Germo Mogas","og_description":"Mapa web Inici Locals Habitatges Contacte Pol\u00edtica de Privacitat Pol\u00edtica de Cookies Declaraci\u00f3 d&#8217;accessibilitat Mapa web Av\u00eds legal","og_url":"https:\/\/www.germomogas.com\/ca\/mapa-web\/","og_site_name":"Germo Mogas","article_modified_time":"2024-02-26T09:00:26+00:00","twitter_card":"summary_large_image","schema":{"@context":"https:\/\/schema.org","@graph":[{"@type":"WebPage","@id":"https:\/\/www.germomogas.com\/ca\/mapa-web\/","url":"https:\/\/www.germomogas.com\/ca\/mapa-web\/","name":"Mapa Web - Germo Mogas","isPartOf":{"@id":"https:\/\/www.germomogas.com\/ca\/#website"},"datePublished":"2023-12-07T16:09:57+00:00","dateModified":"2024-02-26T09:00:26+00:00","breadcrumb":{"@id":"https:\/\/www.germomogas.com\/ca\/mapa-web\/#breadcrumb"},"inLanguage":"ca","potentialAction":[{"@type":"ReadAction","target":["https:\/\/www.germomogas.com\/ca\/mapa-web\/"]}]},{"@type":"BreadcrumbList","@id":"https:\/\/www.germomogas.com\/ca\/mapa-web\/#breadcrumb","itemListElement":[{"@type":"ListItem","position":1,"name":"Inicio","item":"https:\/\/www.germomogas.com\/ca\/"},{"@type":"ListItem","position":2,"name":"Mapa Web"}]},{"@type":"WebSite","@id":"https:\/\/www.germomogas.com\/ca\/#website","url":"https:\/\/www.germomogas.com\/ca\/","name":"Germo Mogas","description":"","potentialAction":[{"@type":"SearchAction","target":{"@type":"EntryPoint","urlTemplate":"https:\/\/www.germomogas.com\/ca\/?s={search_term_string}"},"query-input":{"@type":"PropertyValueSpecification","valueRequired":true,"valueName":"search_term_string"}}],"inLanguage":"ca"}]}},"_links":{"self":[{"href":"https:\/\/www.germomogas.com\/ca\/wp-json\/wp\/v2\/pages\/668","targetHints":{"allow":["GET"]}}],"collection":[{"href":"https:\/\/www.germomogas.com\/ca\/wp-json\/wp\/v2\/pages"}],"about":[{"href":"https:\/\/www.germomogas.com\/ca\/wp-json\/wp\/v2\/types\/page"}],"author":[{"embeddable":true,"href":"https:\/\/www.germomogas.com\/ca\/wp-json\/wp\/v2\/users\/1"}],"replies":[{"embeddable":true,"href":"https:\/\/www.germomogas.com\/ca\/wp-json\/wp\/v2\/comments?post=668"}],"version-history":[{"count":3,"href":"https:\/\/www.germomogas.com\/ca\/wp-json\/wp\/v2\/pages\/668\/revisions"}],"predecessor-version":[{"id":671,"href":"https:\/\/www.germomogas.com\/ca\/wp-json\/wp\/v2\/pages\/668\/revisions\/671"}],"wp:attachment":[{"href":"https:\/\/www.germomogas.com\/ca\/wp-json\/wp\/v2\/media?parent=668"}],"curies":[{"name":"wp","href":"https:\/\/api.w.org\/{rel}","templated":true}]}}