{"id":664,"date":"2023-12-01T10:58:29","date_gmt":"2023-12-01T09:58:29","guid":{"rendered":"https:\/\/www.germomogas.com\/politica-de-privacitat\/"},"modified":"2024-02-26T08:59:25","modified_gmt":"2024-02-26T08:59:25","slug":"politica-de-privacitat","status":"publish","type":"page","link":"https:\/\/www.germomogas.com\/ca\/politica-de-privacitat\/","title":{"rendered":"Pol\u00edtica de privacitat"},"content":{"rendered":"\t\t<div data-elementor-type=\"wp-page\" data-elementor-id=\"664\" class=\"elementor elementor-664 elementor-3\" data-elementor-post-type=\"page\">\n\t\t\t\t<div class=\"elementor-element elementor-element-762ed16 e-flex e-con-boxed e-con e-parent\" data-id=\"762ed16\" data-element_type=\"container\" data-e-type=\"container\">\n\t\t\t\t\t<div class=\"e-con-inner\">\n\t\t\t\t<div class=\"elementor-element elementor-element-e6b1b9b elementor-widget elementor-widget-heading\" data-id=\"e6b1b9b\" data-element_type=\"widget\" data-e-type=\"widget\" data-widget_type=\"heading.default\">\n\t\t\t\t<div class=\"elementor-widget-container\">\n\t\t\t\t\t<h1 class=\"elementor-heading-title elementor-size-default\">Pol\u00edtica de privacitat<\/h1>\t\t\t\t<\/div>\n\t\t\t\t<\/div>\n\t\t\t\t<div class=\"elementor-element elementor-element-44e2856 elementor-widget elementor-widget-template\" data-id=\"44e2856\" data-element_type=\"widget\" data-e-type=\"widget\" data-widget_type=\"template.default\">\n\t\t\t\t<div class=\"elementor-widget-container\">\n\t\t\t\t\t\t\t<div class=\"elementor-template\">\n\t\t\t\t\t<div data-elementor-type=\"container\" data-elementor-id=\"89\" class=\"elementor elementor-89\" data-elementor-post-type=\"elementor_library\">\n\t\t\t\t<div class=\"elementor-element elementor-element-ff66631 e-flex e-con-boxed e-con e-parent\" data-id=\"ff66631\" data-element_type=\"container\" data-e-type=\"container\">\n\t\t\t\t\t<div class=\"e-con-inner\">\n\t\t\t\t<div class=\"elementor-element elementor-element-54d44e0 elementor-widget elementor-widget-shortcode\" data-id=\"54d44e0\" data-element_type=\"widget\" data-e-type=\"widget\" data-widget_type=\"shortcode.default\">\n\t\t\t\t<div class=\"elementor-widget-container\">\n\t\t\t\t\t\t\t<div class=\"elementor-shortcode\"><span><span><a href=\"https:\/\/www.germomogas.com\/ca\/\">Inicio<\/a><\/span><\/span><\/div>\n\t\t\t\t\t\t<\/div>\n\t\t\t\t<\/div>\n\t\t\t\t\t<\/div>\n\t\t\t\t<\/div>\n\t\t\t\t<\/div>\n\t\t\t\t<\/div>\n\t\t\t\t\t\t<\/div>\n\t\t\t\t<\/div>\n\t\t\t\t\t<\/div>\n\t\t\t\t<\/div>\n\t\t<div class=\"elementor-element elementor-element-c2c085c e-flex e-con-boxed e-con e-parent\" data-id=\"c2c085c\" data-element_type=\"container\" data-e-type=\"container\">\n\t\t\t\t\t<div class=\"e-con-inner\">\n\t\t\t\t<div class=\"elementor-element elementor-element-1b8eec1 elementor-widget elementor-widget-text-editor\" data-id=\"1b8eec1\" data-element_type=\"widget\" data-e-type=\"widget\" data-widget_type=\"text-editor.default\">\n\t\t\t\t<div class=\"elementor-widget-container\">\n\t\t\t\t\t\t\t\t\t<h5>RESPONSABLE DEL TRACTAMENT<\/h5>\n<p>L&#8217;empresa responsable del tractament de les seves dades en virtut d&#8217;aquesta Pol\u00edtica de privacitat \u00e9s:<br><br><br><\/p>\n<h5>DADES PERSONALS<\/h5>\n<p>Una dada personal, \u00e9s la informaci\u00f3 que li identifica o li fa identificable. A trav\u00e9s de la web, en les caselles establertes a aquest efecte recollim les dades personals que l&#8217;usuari ens comunica: Nom, cognoms, correu electr\u00f2nic, tel\u00e8fon, adre\u00e7a postal, poblaci\u00f3, etc.<\/p>\n<p>La visita de l&#8217;usuari a la web no implica que hagi de facilitar cap informaci\u00f3 sobre les seves dades personals. No obstant aix\u00f2, en cas de facilitar-los, les dades seran tractades de manera l\u00edcita amb subjecci\u00f3 en tot moment als principis i drets recollits en el RGPD 2016\/679 de 27 d&#8217;abril de 2016 i la LOPDGDD 3\/2018 del 5 de desembre.<\/p>\n<h5> <\/h5>\n<h5>FINALITAT, DURADA I LEGITIMACI\u00d3 DEL TRACTAMENT:<\/h5>\n<p>Les dades que l&#8217;usuari ens proporcioni els tractarem amb les seg\u00fcents finalitats:<\/p>\n<p>\u2022 Atendre la sol\u00b7licitud o petici\u00f3 realitzada per l&#8217;usuari a trav\u00e9s del formulari de contacte situat en la web. Recollim i tractem les dades personals de l&#8217;usuari per a poder tramitar i gestionar la seva sol\u00b7licitud, una consulta o qualsevol petici\u00f3 que realitza a trav\u00e9s d&#8217;aquest formulari.<\/p>\n<p>Aquestes dades els conservarem durant el temps necessari per a donar compliment a la seva petici\u00f3 i durant el temps establert per la llei amb una durada m\u00ednima de 3 anys.<\/p>\n<p>La base de legitimaci\u00f3 del tractament de les dades ser\u00e0 el consentiment que atorga l&#8217;usuari en seleccionar la casella d&#8217;acceptaci\u00f3 de la nostra pol\u00edtica de privacitat abans d&#8217;enviar la petici\u00f3.<\/p>\n<p>L&#8217;usuari t\u00e9 dret a revocar el seu consentiment en qualsevol moment sense que aix\u00f2 afecti la licitud del tractament basat en el consentiment previ a la seva retirada.<\/p>\n<p>\u2022 Gestionar el curr\u00edculum rem\u00e8s per l&#8217;interessat a trav\u00e9s del formulari habilitat per a tal efecte i incloure&#8217;l en la base de dades de candidats de l&#8217;empresa. Aquestes dades es conservaran durant el termini m\u00e0xim d&#8217;un any, transcorregut el qual, es procedir\u00e0 al bloqueig de les dades durant el temps establert legalment, garantint-li un total respecte a la confidencialitat tant en el tractament com en la seva posterior destrucci\u00f3. La base leg\u00edtima per a gestionar i tractar el curr\u00edculum de l&#8217;interessat \u00e9s el seu consentiment el qual manifesta en realitzar una acci\u00f3 afirmativa d&#8217;enviament del mateix i seleccionar la casella d&#8217;acceptaci\u00f3 de la nostra pol\u00edtica de privacitat pr\u00e8viament al seu enviament. L&#8217;usuari t\u00e9 dret a revocar el seu consentiment en qualsevol moment sense que aix\u00f2 afecti la licitud del tractament basat en el consentiment previ a la seva retirada.<\/p>\n<p>Millorar la seva experi\u00e8ncia en navegar per la web. Aquestes dades els conservarem mentre l&#8217;usuari no revoqui el seu consentiment al tractament dels mateixos eliminant les cookies i durant el temps establert per la llei amb una durada m\u00ednima de 3 anys.<\/p>\n<p>La base leg\u00edtima per a millorar la seva experi\u00e8ncia en navegar per la web \u00e9s el consentiment que atorga l&#8217;usuari en acceptar les cookies. L&#8217;usuari t\u00e9 dret a revocar el seu consentiment en qualsevol moment sense que aix\u00f2 afecti la licitud del tractament basat en el consentiment previ a la seva retirada.<\/p>\n<h5> <\/h5>\n<h5>CESSI\u00d3 O COMUNICACI\u00d3 DE DADES PERSONALS I TRANSFER\u00c8NCIES INTERNACIONALS:<\/h5>\n<p>Les seves dades no es comunicaran ni seran cedits a tercers tret que existeixi alguna obligaci\u00f3 legal o aquells prestadors vinculats al Responsable que actuen com a encarregats del tractament.<br>No es realitzen transfer\u00e8ncies internacionals, per al cas en qu\u00e8 en algun moment poguessin realitzar-se, se li comunicaran a fi d&#8217;obtenir el seu consentiment.<\/p>\n<h5> <\/h5>\n<h5>ACTUALITZACI\u00d3 DE DADES<\/h5>\n<p>\u00c9s important que perqu\u00e8 puguem mantenir les dades personals actualitzades, l&#8217;usuari ens informi sempre que hi hagi hagut alguna modificaci\u00f3 en ells, en cas contrari, no responem de la veracitat d&#8217;aquests.<\/p>\n<p>L&#8217;usuari garanteix que les dades personals facilitades s\u00f3n veraces garantint que tota la informaci\u00f3 facilitada correspon amb la situaci\u00f3 real, que est\u00e0 posada al dia i \u00e9s exacta, quedant obligat a comunicar qualsevol modificaci\u00f3.<\/p>\n<h5> <\/h5>\n<h5>DADES DE TERCERS<\/h5>\n<p>Si l&#8217;usuari facilita dades de terceres persones per a qualsevol finalitat a MEC\u00c0NIQUES TARADELL, S.L., garanteix que ha obtingut aquestes dades de manera l\u00edcita, que ha informat pr\u00e8viament els afectats, obtenint el seu consentiment per a comunicar-los i que la informaci\u00f3 facilitada \u00e9s exacta i vera\u00e7.<\/p>\n<h5> <\/h5>\n<h5>CAR\u00c0CTER OBLIGATORI DE LA INFORMACI\u00d3 SOL\u00b7LICITADA<\/h5>\n<p>Tots els nostres formularis compten amb un asterisc () en les dades obligat\u00f2ries. Si l&#8217;usuari no facilita aquests camps, o no marca la casella d&#8217;acceptaci\u00f3 de la pol\u00edtica de privacitat, no es permetr\u00e0 l&#8217;enviament de la informaci\u00f3.<\/p>\n<h5> <\/h5>\n<h5>DRETS DELS INTERESSATS:<\/h5>\n<p>T\u00e9 dret a accedir a les seves dades i a obtenir confirmaci\u00f3 sobre el seu tractament, aix\u00ed com una c\u00f2pia de les dades personals objecte de tractament. T\u00e9 dret a actualitzar-los i sol\u00b7licitar la rectificaci\u00f3 de les dades que siguin inexactes o sol\u00b7licitar la supressi\u00f3 quan les dades no siguin necessaris per als fins per als quals van ser recaptats. Pot sol\u00b7licitar la limitaci\u00f3 en el tractament de les seves dades i oposar-se al tractament dels mateixos revocant el seu consentiment, aix\u00ed com exercir el dret a la portabilitat de les dades. De la mateixa manera, t\u00e9 dret a no ser objecte de decisions basades \u00fanicament en el tractament automatitzat de les seves dades personals.<\/p>\n<p>Pot exercir els seus drets contactant amb nosaltres<br>Ctra. Vic a Arb\u00facies, 24-28 \u2013 08552 TARADELL (Barcelona). Email: dolors@mecaniquestaradell.com<\/p>\n<p>Si considera que els seus drets no s&#8217;han at\u00e8s degudament, t\u00e9 dret a presentar una reclamaci\u00f3 davant l&#8217;Ag\u00e8ncia Espanyola de Protecci\u00f3 de Dades www.aepd.es<\/p>\n<h5> <\/h5>\n<h5>TRACTAMENT DE DADES DE MENORS D&#8217;EDAT<\/h5>\n<p>Qui facilita les dades a trav\u00e9s dels formularis d&#8217;aquesta web i accepta el seu tractament declara ser major de 14 anys, quedant prohibit l&#8217;acc\u00e9s i \u00fas del portal a menors d&#8217;aquesta edat. Si en algun moment, el Responsable detecta que un menor de 14 anys ha proporcionat dades de car\u00e0cter personal, procedirem a la cancel\u00b7laci\u00f3 d&#8217;aquests. Aix\u00ed mateix, els pares o tutors podran en qualsevol cas dirigir-se a MEC\u00c0NIQUES TARADELL, S.L. per a bloquejar el compte d&#8217;acc\u00e9s dels menors al seu c\u00e0rrec que s&#8217;haguessin registrat falsejant la seva identitat.<\/p>\n<h5> <\/h5>\n<h5>TRACTAMENT DE COOKIES:<\/h5>\n<p>Una cookie \u00e9s un petit arxiu que es descarrega i emmagatzema en l&#8217;ordinador de l&#8217;usuari quan aquest accedeix a una p\u00e0gina web. Les Cookies permeten a la web, entre altres coses, emmagatzemar i recuperar informaci\u00f3 sobre els h\u00e0bits de navegaci\u00f3 de l&#8217;usuari o del seu equip i, depenent de la informaci\u00f3 que continguin i de la forma en qu\u00e8 utilitzi el seu equip, poden utilitzar-se per a recon\u00e8ixer a l&#8217;usuari.<\/p>\n<p>L&#8217;usuari t\u00e9 l&#8217;opci\u00f3 d&#8217;impedir la generaci\u00f3 de cookies, mitjan\u00e7ant la selecci\u00f3 de la corresponent opci\u00f3 en el seu programa de navegador. Pot obtenir m\u00e9s informaci\u00f3 llegint la nostra Pol\u00edtica de Cookies.<\/p>\t\t\t\t\t\t\t\t<\/div>\n\t\t\t\t<\/div>\n\t\t\t\t\t<\/div>\n\t\t\t\t<\/div>\n\t\t\t\t<\/div>\n\t\t","protected":false},"excerpt":{"rendered":"<p>Pol\u00edtica de privacitat RESPONSABLE DEL TRACTAMENT L&#8217;empresa responsable del tractament de les seves dades en virtut d&#8217;aquesta Pol\u00edtica de privacitat \u00e9s: DADES PERSONALS Una dada personal, \u00e9s la informaci\u00f3 que li identifica o li fa identificable. A trav\u00e9s de la web, en les caselles establertes a aquest efecte recollim les dades personals que l&#8217;usuari ens &#8230; <a title=\"Pol\u00edtica de privacitat\" class=\"read-more\" href=\"https:\/\/www.germomogas.com\/ca\/politica-de-privacitat\/\" aria-label=\"M\u00e9s informaci\u00f3 sobre Pol\u00edtica de privacitat\">Llegiu m\u00e9s<\/a><\/p>\n","protected":false},"author":1,"featured_media":0,"parent":0,"menu_order":100,"comment_status":"closed","ping_status":"closed","template":"elementor_header_footer","meta":{"footnotes":""},"class_list":["post-664","page","type-page","status-publish"],"yoast_head":"<!-- This site is optimized with the Yoast SEO plugin v27.3 - https:\/\/yoast.com\/product\/yoast-seo-wordpress\/ -->\n<title>Pol\u00edtica de privacitat - Germo Mogas<\/title>\n<meta name=\"robots\" content=\"index, follow, max-snippet:-1, max-image-preview:large, max-video-preview:-1\" \/>\n<link rel=\"canonical\" href=\"https:\/\/www.germomogas.com\/ca\/politica-de-privacitat\/\" \/>\n<meta property=\"og:locale\" content=\"ca_ES\" \/>\n<meta property=\"og:type\" content=\"article\" \/>\n<meta property=\"og:title\" content=\"Pol\u00edtica de privacitat - Germo Mogas\" \/>\n<meta property=\"og:description\" content=\"Pol\u00edtica de privacitat RESPONSABLE DEL TRACTAMENT L&#8217;empresa responsable del tractament de les seves dades en virtut d&#8217;aquesta Pol\u00edtica de privacitat \u00e9s: DADES PERSONALS Una dada personal, \u00e9s la informaci\u00f3 que li identifica o li fa identificable. A trav\u00e9s de la web, en les caselles establertes a aquest efecte recollim les dades personals que l&#8217;usuari ens ... Llegiu m\u00e9s\" \/>\n<meta property=\"og:url\" content=\"https:\/\/www.germomogas.com\/ca\/politica-de-privacitat\/\" \/>\n<meta property=\"og:site_name\" content=\"Germo Mogas\" \/>\n<meta property=\"article:modified_time\" content=\"2024-02-26T08:59:25+00:00\" \/>\n<meta name=\"twitter:card\" content=\"summary_large_image\" \/>\n<meta name=\"twitter:label1\" content=\"Temps estimat de lectura\" \/>\n\t<meta name=\"twitter:data1\" content=\"6 minuts\" \/>\n<script type=\"application\/ld+json\" class=\"yoast-schema-graph\">{\"@context\":\"https:\\\/\\\/schema.org\",\"@graph\":[{\"@type\":\"WebPage\",\"@id\":\"https:\\\/\\\/www.germomogas.com\\\/ca\\\/politica-de-privacitat\\\/\",\"url\":\"https:\\\/\\\/www.germomogas.com\\\/ca\\\/politica-de-privacitat\\\/\",\"name\":\"Pol\u00edtica de privacitat - Germo Mogas\",\"isPartOf\":{\"@id\":\"https:\\\/\\\/www.germomogas.com\\\/ca\\\/#website\"},\"datePublished\":\"2023-12-01T09:58:29+00:00\",\"dateModified\":\"2024-02-26T08:59:25+00:00\",\"breadcrumb\":{\"@id\":\"https:\\\/\\\/www.germomogas.com\\\/ca\\\/politica-de-privacitat\\\/#breadcrumb\"},\"inLanguage\":\"ca\",\"potentialAction\":[{\"@type\":\"ReadAction\",\"target\":[\"https:\\\/\\\/www.germomogas.com\\\/ca\\\/politica-de-privacitat\\\/\"]}]},{\"@type\":\"BreadcrumbList\",\"@id\":\"https:\\\/\\\/www.germomogas.com\\\/ca\\\/politica-de-privacitat\\\/#breadcrumb\",\"itemListElement\":[{\"@type\":\"ListItem\",\"position\":1,\"name\":\"Inicio\",\"item\":\"https:\\\/\\\/www.germomogas.com\\\/ca\\\/\"},{\"@type\":\"ListItem\",\"position\":2,\"name\":\"Pol\u00edtica de privacitat\"}]},{\"@type\":\"WebSite\",\"@id\":\"https:\\\/\\\/www.germomogas.com\\\/ca\\\/#website\",\"url\":\"https:\\\/\\\/www.germomogas.com\\\/ca\\\/\",\"name\":\"Germo Mogas\",\"description\":\"\",\"potentialAction\":[{\"@type\":\"SearchAction\",\"target\":{\"@type\":\"EntryPoint\",\"urlTemplate\":\"https:\\\/\\\/www.germomogas.com\\\/ca\\\/?s={search_term_string}\"},\"query-input\":{\"@type\":\"PropertyValueSpecification\",\"valueRequired\":true,\"valueName\":\"search_term_string\"}}],\"inLanguage\":\"ca\"}]}<\/script>\n<!-- \/ Yoast SEO plugin. -->","yoast_head_json":{"title":"Pol\u00edtica de privacitat - Germo Mogas","robots":{"index":"index","follow":"follow","max-snippet":"max-snippet:-1","max-image-preview":"max-image-preview:large","max-video-preview":"max-video-preview:-1"},"canonical":"https:\/\/www.germomogas.com\/ca\/politica-de-privacitat\/","og_locale":"ca_ES","og_type":"article","og_title":"Pol\u00edtica de privacitat - Germo Mogas","og_description":"Pol\u00edtica de privacitat RESPONSABLE DEL TRACTAMENT L&#8217;empresa responsable del tractament de les seves dades en virtut d&#8217;aquesta Pol\u00edtica de privacitat \u00e9s: DADES PERSONALS Una dada personal, \u00e9s la informaci\u00f3 que li identifica o li fa identificable. A trav\u00e9s de la web, en les caselles establertes a aquest efecte recollim les dades personals que l&#8217;usuari ens ... Llegiu m\u00e9s","og_url":"https:\/\/www.germomogas.com\/ca\/politica-de-privacitat\/","og_site_name":"Germo Mogas","article_modified_time":"2024-02-26T08:59:25+00:00","twitter_card":"summary_large_image","twitter_misc":{"Temps estimat de lectura":"6 minuts"},"schema":{"@context":"https:\/\/schema.org","@graph":[{"@type":"WebPage","@id":"https:\/\/www.germomogas.com\/ca\/politica-de-privacitat\/","url":"https:\/\/www.germomogas.com\/ca\/politica-de-privacitat\/","name":"Pol\u00edtica de privacitat - Germo Mogas","isPartOf":{"@id":"https:\/\/www.germomogas.com\/ca\/#website"},"datePublished":"2023-12-01T09:58:29+00:00","dateModified":"2024-02-26T08:59:25+00:00","breadcrumb":{"@id":"https:\/\/www.germomogas.com\/ca\/politica-de-privacitat\/#breadcrumb"},"inLanguage":"ca","potentialAction":[{"@type":"ReadAction","target":["https:\/\/www.germomogas.com\/ca\/politica-de-privacitat\/"]}]},{"@type":"BreadcrumbList","@id":"https:\/\/www.germomogas.com\/ca\/politica-de-privacitat\/#breadcrumb","itemListElement":[{"@type":"ListItem","position":1,"name":"Inicio","item":"https:\/\/www.germomogas.com\/ca\/"},{"@type":"ListItem","position":2,"name":"Pol\u00edtica de privacitat"}]},{"@type":"WebSite","@id":"https:\/\/www.germomogas.com\/ca\/#website","url":"https:\/\/www.germomogas.com\/ca\/","name":"Germo Mogas","description":"","potentialAction":[{"@type":"SearchAction","target":{"@type":"EntryPoint","urlTemplate":"https:\/\/www.germomogas.com\/ca\/?s={search_term_string}"},"query-input":{"@type":"PropertyValueSpecification","valueRequired":true,"valueName":"search_term_string"}}],"inLanguage":"ca"}]}},"_links":{"self":[{"href":"https:\/\/www.germomogas.com\/ca\/wp-json\/wp\/v2\/pages\/664","targetHints":{"allow":["GET"]}}],"collection":[{"href":"https:\/\/www.germomogas.com\/ca\/wp-json\/wp\/v2\/pages"}],"about":[{"href":"https:\/\/www.germomogas.com\/ca\/wp-json\/wp\/v2\/types\/page"}],"author":[{"embeddable":true,"href":"https:\/\/www.germomogas.com\/ca\/wp-json\/wp\/v2\/users\/1"}],"replies":[{"embeddable":true,"href":"https:\/\/www.germomogas.com\/ca\/wp-json\/wp\/v2\/comments?post=664"}],"version-history":[{"count":3,"href":"https:\/\/www.germomogas.com\/ca\/wp-json\/wp\/v2\/pages\/664\/revisions"}],"predecessor-version":[{"id":667,"href":"https:\/\/www.germomogas.com\/ca\/wp-json\/wp\/v2\/pages\/664\/revisions\/667"}],"wp:attachment":[{"href":"https:\/\/www.germomogas.com\/ca\/wp-json\/wp\/v2\/media?parent=664"}],"curies":[{"name":"wp","href":"https:\/\/api.w.org\/{rel}","templated":true}]}}