{"id":660,"date":"2023-12-07T16:39:05","date_gmt":"2023-12-07T15:39:05","guid":{"rendered":"https:\/\/www.germomogas.com\/politica-de-cookies\/"},"modified":"2024-02-26T08:50:13","modified_gmt":"2024-02-26T08:50:13","slug":"politica-de-cookies","status":"publish","type":"page","link":"https:\/\/www.germomogas.com\/ca\/politica-de-cookies\/","title":{"rendered":"Pol\u00edtica de cookies"},"content":{"rendered":"\t\t<div data-elementor-type=\"wp-page\" data-elementor-id=\"660\" class=\"elementor elementor-660 elementor-196\" data-elementor-post-type=\"page\">\n\t\t\t\t<div class=\"elementor-element elementor-element-a5f4012 e-flex e-con-boxed e-con e-parent\" data-id=\"a5f4012\" data-element_type=\"container\" data-e-type=\"container\">\n\t\t\t\t\t<div class=\"e-con-inner\">\n\t\t<div class=\"elementor-element elementor-element-599d4d0 e-flex e-con-boxed e-con e-child\" data-id=\"599d4d0\" data-element_type=\"container\" data-e-type=\"container\">\n\t\t\t\t\t<div class=\"e-con-inner\">\n\t\t\t\t<div class=\"elementor-element elementor-element-e6b377e elementor-widget elementor-widget-heading\" data-id=\"e6b377e\" data-element_type=\"widget\" data-e-type=\"widget\" data-widget_type=\"heading.default\">\n\t\t\t\t<div class=\"elementor-widget-container\">\n\t\t\t\t\t<h1 class=\"elementor-heading-title elementor-size-default\">Pol\u00edtica de cookies<\/h1>\t\t\t\t<\/div>\n\t\t\t\t<\/div>\n\t\t\t\t<div class=\"elementor-element elementor-element-1c729f4 elementor-widget elementor-widget-template\" data-id=\"1c729f4\" data-element_type=\"widget\" data-e-type=\"widget\" data-widget_type=\"template.default\">\n\t\t\t\t<div class=\"elementor-widget-container\">\n\t\t\t\t\t\t\t<div class=\"elementor-template\">\n\t\t\t\t\t<div data-elementor-type=\"container\" data-elementor-id=\"89\" class=\"elementor elementor-89\" data-elementor-post-type=\"elementor_library\">\n\t\t\t\t<div class=\"elementor-element elementor-element-ff66631 e-flex e-con-boxed e-con e-parent\" data-id=\"ff66631\" data-element_type=\"container\" data-e-type=\"container\">\n\t\t\t\t\t<div class=\"e-con-inner\">\n\t\t\t\t<div class=\"elementor-element elementor-element-54d44e0 elementor-widget elementor-widget-shortcode\" data-id=\"54d44e0\" data-element_type=\"widget\" data-e-type=\"widget\" data-widget_type=\"shortcode.default\">\n\t\t\t\t<div class=\"elementor-widget-container\">\n\t\t\t\t\t\t\t<div class=\"elementor-shortcode\"><span><span><a href=\"https:\/\/www.germomogas.com\/ca\/\">Inicio<\/a><\/span><\/span><\/div>\n\t\t\t\t\t\t<\/div>\n\t\t\t\t<\/div>\n\t\t\t\t\t<\/div>\n\t\t\t\t<\/div>\n\t\t\t\t<\/div>\n\t\t\t\t<\/div>\n\t\t\t\t\t\t<\/div>\n\t\t\t\t<\/div>\n\t\t\t\t\t<\/div>\n\t\t\t\t<\/div>\n\t\t\t\t<div class=\"elementor-element elementor-element-c170388 elementor-widget elementor-widget-text-editor\" data-id=\"c170388\" data-element_type=\"widget\" data-e-type=\"widget\" data-widget_type=\"text-editor.default\">\n\t\t\t\t<div class=\"elementor-widget-container\">\n\t\t\t\t\t\t\t\t\t<p>Una \u00abCookie\u00bb \u00e9s un petit arxiu que s&#8217;emmagatzema en l&#8217;ordinador de l&#8217;usuari i ens permet recon\u00e8ixer-li. El conjunt de \u00abcookies\u00bb ens ajuda a millorar la qualitat de la nostra web, permetent-nos controlar quines p\u00e0gines troben els nostres usuaris \u00fatils i quins no.<\/p>\n<p>Les cookies s\u00f3n essencials per al funcionament d&#8217;internet, aportant innombrables avantatges en la prestaci\u00f3 de serveis interactius, facilitant-li la navegaci\u00f3 i usabilitat de la nostra web. Tingui en compte que les cookies no poden danyar el seu equip i que, a canvi, el que estiguin activades ens ajuden a identificar i resoldre els errors.<\/p>\n<p>La informaci\u00f3 que li proporcionem a continuaci\u00f3, l&#8217;ajudar\u00e0 a comprendre els diferents tipus de cookies:<\/p>\n<p><strong>Cookies de sessi\u00f3<\/strong>: s\u00f3n cookies temporals que romanen en l&#8217;arxiu de cookies del seu navegador fins que abandoni la p\u00e0gina web, per la qual cosa cap queda registrada en el disc dur de l&#8217;usuari. La informaci\u00f3 obtinguda per mitj\u00e0 d&#8217;aquestes cookies, serveixen per a analitzar pautes de tr\u00e0nsit en la web. A la llarga, aix\u00f2 ens permet proporcionar una millor experi\u00e8ncia per a millorar el contingut i facilitant el seu \u00fas.<\/p>\n<p><strong>Cookies permanents<\/strong>: s\u00f3n emmagatzemades en el disc dur i la nostra web les llegeix cada vegada que vost\u00e8 realitza una nova visita. Una cookie permanent posseeix una data d&#8217;expiraci\u00f3 determinada. La cookie deixar\u00e0 de funcionar despr\u00e9s d&#8217;aquesta data.<\/p>\n<p>A continuaci\u00f3 publiquem una relaci\u00f3 de les principals cookies utilitzades en la nostra Web, distingint:<\/p>\n<p><strong>Les cookies estrictament necess\u00e0ries<\/strong> com per exemple, aquelles que serveixin per a una correcta navegaci\u00f3 o les que permetin realitzar serveis sol\u00b7licitats per l&#8217;usuari o cookies que serveixin per a assegurar que el contingut de la p\u00e0gina web es carrega efica\u00e7ment.<\/p>\n<p><strong>Les cookies de tercers<\/strong> com per exemple, les usades per xarxes socials, o per complements externs de contingut.<\/p>\n<p><strong>Les cookies anal\u00edtiques<\/strong> amb prop\u00f2sits de manteniment peri\u00f2dic, i a fi de garantir el millor servei possible a l&#8217;usuari, els llocs web\u00b4s fan \u00fas normalment de cookies \u00abanal\u00edtiques\u00bb per a recopilar dades estad\u00edstiques de l&#8217;activitat .<\/p>\n<p><strong>Relaci\u00f3 i descripci\u00f3 de les cookies que utilitzem en la p\u00e0gina web:<\/strong><\/p>\n<div class=\"cky-audit-table-element\"> <\/div>\n<p><strong>Garanties complement\u00e0ries \u2013 Gesti\u00f3 de cookies:<\/strong><\/p>\n<p>Com a garantia complement\u00e0ria a les anteriorment descrites, el registre de les cookies podr\u00e0 estar subjecte a la seva acceptaci\u00f3 durant la instal\u00b7laci\u00f3 o posada al dia del navegador usat, i aquesta acceptaci\u00f3 pot en tot moment ser revocada mitjan\u00e7ant les opcions de configuraci\u00f3 de continguts i privacitat disponibles.<\/p>\n<p>Molts navegadors permeten activar un mode privat mitjan\u00e7ant el qual les cookies s&#8217;esborren sempre despr\u00e9s de la seva visita. Depenent de cada navegador aquest mode privat, pot tenir diferents noms. A continuaci\u00f3 trobar\u00e0 una llista dels navegadors m\u00e9s comuns i els diferents noms d&#8217;aquest \u201cmode privat\u201d:<br \/>Internet Explorer 8 i superior; InPrivate Safari 2 i superior; Navegaci\u00f3 Privada Opera 10.5 i superior; Navegaci\u00f3 Privada Firefox 3.5 i superior; Navegaci\u00f3 Privada Google Chrome 10 i superior; Inc\u00f2gnit<\/p>\n<p>Important: Si us plau, llegeixi atentament la secci\u00f3 d&#8217;ajuda del seu navegador per a con\u00e8ixer m\u00e9s sobre com activar el \u201cmode privat\u201d. Podr\u00e0 continuar visitant la nostra web encara que el seu navegador estigui en \u201cmode privat\u201d, si b\u00e9, la seva navegaci\u00f3 per la nostra web pot no ser \u00f2ptima i algunes utilitats poden no funcionar correctament.<\/p>\n\t\t\t\t\t\t\t\t<\/div>\n\t\t\t\t<\/div>\n\t\t\t\t\t<\/div>\n\t\t\t\t<\/div>\n\t\t\t\t<\/div>\n\t\t","protected":false},"excerpt":{"rendered":"<p>Pol\u00edtica de cookies Una \u00abCookie\u00bb \u00e9s un petit arxiu que s&#8217;emmagatzema en l&#8217;ordinador de l&#8217;usuari i ens permet recon\u00e8ixer-li. El conjunt de \u00abcookies\u00bb ens ajuda a millorar la qualitat de la nostra web, permetent-nos controlar quines p\u00e0gines troben els nostres usuaris \u00fatils i quins no. Les cookies s\u00f3n essencials per al funcionament d&#8217;internet, aportant innombrables &#8230; <a title=\"Pol\u00edtica de cookies\" class=\"read-more\" href=\"https:\/\/www.germomogas.com\/ca\/politica-de-cookies\/\" aria-label=\"M\u00e9s informaci\u00f3 sobre Pol\u00edtica de cookies\">Llegiu m\u00e9s<\/a><\/p>\n","protected":false},"author":1,"featured_media":0,"parent":0,"menu_order":100,"comment_status":"closed","ping_status":"closed","template":"elementor_header_footer","meta":{"footnotes":""},"class_list":["post-660","page","type-page","status-publish"],"yoast_head":"<!-- This site is optimized with the Yoast SEO plugin v27.3 - https:\/\/yoast.com\/product\/yoast-seo-wordpress\/ -->\n<title>Pol\u00edtica de cookies - Germo Mogas<\/title>\n<meta name=\"robots\" content=\"index, follow, max-snippet:-1, max-image-preview:large, max-video-preview:-1\" \/>\n<link rel=\"canonical\" href=\"https:\/\/www.germomogas.com\/ca\/politica-de-cookies\/\" \/>\n<meta property=\"og:locale\" content=\"ca_ES\" \/>\n<meta property=\"og:type\" content=\"article\" \/>\n<meta property=\"og:title\" content=\"Pol\u00edtica de cookies - Germo Mogas\" \/>\n<meta property=\"og:description\" content=\"Pol\u00edtica de cookies Una \u00abCookie\u00bb \u00e9s un petit arxiu que s&#8217;emmagatzema en l&#8217;ordinador de l&#8217;usuari i ens permet recon\u00e8ixer-li. El conjunt de \u00abcookies\u00bb ens ajuda a millorar la qualitat de la nostra web, permetent-nos controlar quines p\u00e0gines troben els nostres usuaris \u00fatils i quins no. Les cookies s\u00f3n essencials per al funcionament d&#8217;internet, aportant innombrables ... Llegiu m\u00e9s\" \/>\n<meta property=\"og:url\" content=\"https:\/\/www.germomogas.com\/ca\/politica-de-cookies\/\" \/>\n<meta property=\"og:site_name\" content=\"Germo Mogas\" \/>\n<meta property=\"article:modified_time\" content=\"2024-02-26T08:50:13+00:00\" \/>\n<meta name=\"twitter:card\" content=\"summary_large_image\" \/>\n<meta name=\"twitter:label1\" content=\"Temps estimat de lectura\" \/>\n\t<meta name=\"twitter:data1\" content=\"3 minuts\" \/>\n<script type=\"application\/ld+json\" class=\"yoast-schema-graph\">{\"@context\":\"https:\\\/\\\/schema.org\",\"@graph\":[{\"@type\":\"WebPage\",\"@id\":\"https:\\\/\\\/www.germomogas.com\\\/ca\\\/politica-de-cookies\\\/\",\"url\":\"https:\\\/\\\/www.germomogas.com\\\/ca\\\/politica-de-cookies\\\/\",\"name\":\"Pol\u00edtica de cookies - Germo Mogas\",\"isPartOf\":{\"@id\":\"https:\\\/\\\/www.germomogas.com\\\/ca\\\/#website\"},\"datePublished\":\"2023-12-07T15:39:05+00:00\",\"dateModified\":\"2024-02-26T08:50:13+00:00\",\"breadcrumb\":{\"@id\":\"https:\\\/\\\/www.germomogas.com\\\/ca\\\/politica-de-cookies\\\/#breadcrumb\"},\"inLanguage\":\"ca\",\"potentialAction\":[{\"@type\":\"ReadAction\",\"target\":[\"https:\\\/\\\/www.germomogas.com\\\/ca\\\/politica-de-cookies\\\/\"]}]},{\"@type\":\"BreadcrumbList\",\"@id\":\"https:\\\/\\\/www.germomogas.com\\\/ca\\\/politica-de-cookies\\\/#breadcrumb\",\"itemListElement\":[{\"@type\":\"ListItem\",\"position\":1,\"name\":\"Inicio\",\"item\":\"https:\\\/\\\/www.germomogas.com\\\/ca\\\/\"},{\"@type\":\"ListItem\",\"position\":2,\"name\":\"Pol\u00edtica de cookies\"}]},{\"@type\":\"WebSite\",\"@id\":\"https:\\\/\\\/www.germomogas.com\\\/ca\\\/#website\",\"url\":\"https:\\\/\\\/www.germomogas.com\\\/ca\\\/\",\"name\":\"Germo Mogas\",\"description\":\"\",\"potentialAction\":[{\"@type\":\"SearchAction\",\"target\":{\"@type\":\"EntryPoint\",\"urlTemplate\":\"https:\\\/\\\/www.germomogas.com\\\/ca\\\/?s={search_term_string}\"},\"query-input\":{\"@type\":\"PropertyValueSpecification\",\"valueRequired\":true,\"valueName\":\"search_term_string\"}}],\"inLanguage\":\"ca\"}]}<\/script>\n<!-- \/ Yoast SEO plugin. -->","yoast_head_json":{"title":"Pol\u00edtica de cookies - Germo Mogas","robots":{"index":"index","follow":"follow","max-snippet":"max-snippet:-1","max-image-preview":"max-image-preview:large","max-video-preview":"max-video-preview:-1"},"canonical":"https:\/\/www.germomogas.com\/ca\/politica-de-cookies\/","og_locale":"ca_ES","og_type":"article","og_title":"Pol\u00edtica de cookies - Germo Mogas","og_description":"Pol\u00edtica de cookies Una \u00abCookie\u00bb \u00e9s un petit arxiu que s&#8217;emmagatzema en l&#8217;ordinador de l&#8217;usuari i ens permet recon\u00e8ixer-li. El conjunt de \u00abcookies\u00bb ens ajuda a millorar la qualitat de la nostra web, permetent-nos controlar quines p\u00e0gines troben els nostres usuaris \u00fatils i quins no. Les cookies s\u00f3n essencials per al funcionament d&#8217;internet, aportant innombrables ... Llegiu m\u00e9s","og_url":"https:\/\/www.germomogas.com\/ca\/politica-de-cookies\/","og_site_name":"Germo Mogas","article_modified_time":"2024-02-26T08:50:13+00:00","twitter_card":"summary_large_image","twitter_misc":{"Temps estimat de lectura":"3 minuts"},"schema":{"@context":"https:\/\/schema.org","@graph":[{"@type":"WebPage","@id":"https:\/\/www.germomogas.com\/ca\/politica-de-cookies\/","url":"https:\/\/www.germomogas.com\/ca\/politica-de-cookies\/","name":"Pol\u00edtica de cookies - Germo Mogas","isPartOf":{"@id":"https:\/\/www.germomogas.com\/ca\/#website"},"datePublished":"2023-12-07T15:39:05+00:00","dateModified":"2024-02-26T08:50:13+00:00","breadcrumb":{"@id":"https:\/\/www.germomogas.com\/ca\/politica-de-cookies\/#breadcrumb"},"inLanguage":"ca","potentialAction":[{"@type":"ReadAction","target":["https:\/\/www.germomogas.com\/ca\/politica-de-cookies\/"]}]},{"@type":"BreadcrumbList","@id":"https:\/\/www.germomogas.com\/ca\/politica-de-cookies\/#breadcrumb","itemListElement":[{"@type":"ListItem","position":1,"name":"Inicio","item":"https:\/\/www.germomogas.com\/ca\/"},{"@type":"ListItem","position":2,"name":"Pol\u00edtica de cookies"}]},{"@type":"WebSite","@id":"https:\/\/www.germomogas.com\/ca\/#website","url":"https:\/\/www.germomogas.com\/ca\/","name":"Germo Mogas","description":"","potentialAction":[{"@type":"SearchAction","target":{"@type":"EntryPoint","urlTemplate":"https:\/\/www.germomogas.com\/ca\/?s={search_term_string}"},"query-input":{"@type":"PropertyValueSpecification","valueRequired":true,"valueName":"search_term_string"}}],"inLanguage":"ca"}]}},"_links":{"self":[{"href":"https:\/\/www.germomogas.com\/ca\/wp-json\/wp\/v2\/pages\/660","targetHints":{"allow":["GET"]}}],"collection":[{"href":"https:\/\/www.germomogas.com\/ca\/wp-json\/wp\/v2\/pages"}],"about":[{"href":"https:\/\/www.germomogas.com\/ca\/wp-json\/wp\/v2\/types\/page"}],"author":[{"embeddable":true,"href":"https:\/\/www.germomogas.com\/ca\/wp-json\/wp\/v2\/users\/1"}],"replies":[{"embeddable":true,"href":"https:\/\/www.germomogas.com\/ca\/wp-json\/wp\/v2\/comments?post=660"}],"version-history":[{"count":3,"href":"https:\/\/www.germomogas.com\/ca\/wp-json\/wp\/v2\/pages\/660\/revisions"}],"predecessor-version":[{"id":663,"href":"https:\/\/www.germomogas.com\/ca\/wp-json\/wp\/v2\/pages\/660\/revisions\/663"}],"wp:attachment":[{"href":"https:\/\/www.germomogas.com\/ca\/wp-json\/wp\/v2\/media?parent=660"}],"curies":[{"name":"wp","href":"https:\/\/api.w.org\/{rel}","templated":true}]}}