{"id":638,"date":"2023-12-01T10:58:29","date_gmt":"2023-12-01T09:58:29","guid":{"rendered":"https:\/\/www.germomogas.com\/inici\/"},"modified":"2024-02-26T09:53:17","modified_gmt":"2024-02-26T09:53:17","slug":"inici","status":"publish","type":"page","link":"https:\/\/www.germomogas.com\/ca\/","title":{"rendered":"Inici"},"content":{"rendered":"\t\t<div data-elementor-type=\"wp-page\" data-elementor-id=\"638\" class=\"elementor elementor-638 elementor-2\" data-elementor-post-type=\"page\">\n\t\t\t\t<div class=\"elementor-element elementor-element-4158a980 e-flex e-con-boxed e-con e-parent\" data-id=\"4158a980\" data-element_type=\"container\" data-e-type=\"container\">\n\t\t\t\t\t<div class=\"e-con-inner\">\n\t\t\t\t<div class=\"elementor-element elementor-element-3b37d346 elementor-widget elementor-widget-text-editor\" data-id=\"3b37d346\" data-element_type=\"widget\" data-e-type=\"widget\" data-widget_type=\"text-editor.default\">\n\t\t\t\t<div class=\"elementor-widget-container\">\n\t\t\t\t\t\t\t\t\t<h1>Gesti\u00f3 de finques<\/h1>\n\t\t\t\t\t\t\t\t<\/div>\n\t\t\t\t<\/div>\n\t\t\t\t<div class=\"elementor-element elementor-element-7bc15c3 elementor-widget__width-initial elementor-widget elementor-widget-text-editor\" data-id=\"7bc15c3\" data-element_type=\"widget\" data-e-type=\"widget\" data-widget_type=\"text-editor.default\">\n\t\t\t\t<div class=\"elementor-widget-container\">\n\t\t\t\t\t\t\t\t\t<p><strong>GERMO MOGAS SL<\/strong>, \u00e9s una empresa familiar dedicada a la gesti\u00f3 de tres finques situades a la ciutat de Barcelona i una casa unifamiliar situada a l&#8217;Ametlla del Vall\u00e8s.<\/p>\n<p>La nostra gesti\u00f3 \u00e9s pr\u00f2xima al llogater, tracte amable i afable.<\/p>\n\t\t\t\t\t\t\t\t<\/div>\n\t\t\t\t<\/div>\n\t\t\t\t<div class=\"elementor-element elementor-element-35309cf elementor-widget elementor-widget-gallery\" data-id=\"35309cf\" data-element_type=\"widget\" data-e-type=\"widget\" data-settings=\"{&quot;gallery_layout&quot;:&quot;justified&quot;,&quot;ideal_row_height&quot;:{&quot;unit&quot;:&quot;px&quot;,&quot;size&quot;:300,&quot;sizes&quot;:[]},&quot;lazyload&quot;:&quot;yes&quot;,&quot;ideal_row_height_tablet&quot;:{&quot;unit&quot;:&quot;px&quot;,&quot;size&quot;:150,&quot;sizes&quot;:[]},&quot;ideal_row_height_mobile&quot;:{&quot;unit&quot;:&quot;px&quot;,&quot;size&quot;:150,&quot;sizes&quot;:[]},&quot;gap&quot;:{&quot;unit&quot;:&quot;px&quot;,&quot;size&quot;:10,&quot;sizes&quot;:[]},&quot;gap_tablet&quot;:{&quot;unit&quot;:&quot;px&quot;,&quot;size&quot;:10,&quot;sizes&quot;:[]},&quot;gap_mobile&quot;:{&quot;unit&quot;:&quot;px&quot;,&quot;size&quot;:10,&quot;sizes&quot;:[]},&quot;overlay_background&quot;:&quot;yes&quot;,&quot;content_hover_animation&quot;:&quot;fade-in&quot;}\" data-widget_type=\"gallery.default\">\n\t\t\t\t<div class=\"elementor-widget-container\">\n\t\t\t\t\t\t\t<div class=\"elementor-gallery__container\">\n\t\t\t\t\t\t\t<div class=\"e-gallery-item elementor-gallery-item elementor-animated-content\">\n\t\t\t\t\t<div class=\"e-gallery-image elementor-gallery-item__image\" data-thumbnail=\"https:\/\/www.germomogas.com\/wp-content\/uploads\/2023\/12\/facana-principal-768x1024.jpg\" data-width=\"768\" data-height=\"1024\" aria-label=\"\" role=\"img\" ><\/div>\n\t\t\t\t\t\t\t\t\t\t\t<div class=\"elementor-gallery-item__overlay\"><\/div>\n\t\t\t\t\t\t\t\t\t\t\t\t\t\t<\/div>\n\t\t\t\t\t\t\t<div class=\"e-gallery-item elementor-gallery-item elementor-animated-content\">\n\t\t\t\t\t<div class=\"e-gallery-image elementor-gallery-item__image\" data-thumbnail=\"https:\/\/www.germomogas.com\/wp-content\/uploads\/2023\/12\/facana-Via-Augusta.jpg\" data-width=\"691\" data-height=\"2457\" aria-label=\"\" role=\"img\" ><\/div>\n\t\t\t\t\t\t\t\t\t\t\t<div class=\"elementor-gallery-item__overlay\"><\/div>\n\t\t\t\t\t\t\t\t\t\t\t\t\t\t<\/div>\n\t\t\t\t\t\t\t<div class=\"e-gallery-item elementor-gallery-item elementor-animated-content\">\n\t\t\t\t\t<div class=\"e-gallery-image elementor-gallery-item__image\" data-thumbnail=\"https:\/\/www.germomogas.com\/wp-content\/uploads\/2023\/12\/IMG_0223-pixel-768x1152.jpg\" data-width=\"768\" data-height=\"1152\" aria-label=\"\" role=\"img\" ><\/div>\n\t\t\t\t\t\t\t\t\t\t\t<div class=\"elementor-gallery-item__overlay\"><\/div>\n\t\t\t\t\t\t\t\t\t\t\t\t\t\t<\/div>\n\t\t\t\t\t\t\t<div class=\"e-gallery-item elementor-gallery-item elementor-animated-content\">\n\t\t\t\t\t<div class=\"e-gallery-image elementor-gallery-item__image\" data-thumbnail=\"https:\/\/www.germomogas.com\/wp-content\/uploads\/2023\/12\/julian-romea-5-768x399.jpg\" data-width=\"768\" data-height=\"399\" aria-label=\"\" role=\"img\" ><\/div>\n\t\t\t\t\t\t\t\t\t\t\t<div class=\"elementor-gallery-item__overlay\"><\/div>\n\t\t\t\t\t\t\t\t\t\t\t\t\t\t<\/div>\n\t\t\t\t\t<\/div>\n\t\t\t\t\t<\/div>\n\t\t\t\t<\/div>\n\t\t\t\t<div class=\"elementor-element elementor-element-1b0e59e elementor-widget elementor-widget-gallery\" data-id=\"1b0e59e\" data-element_type=\"widget\" data-e-type=\"widget\" data-settings=\"{&quot;gallery_layout&quot;:&quot;justified&quot;,&quot;ideal_row_height&quot;:{&quot;unit&quot;:&quot;px&quot;,&quot;size&quot;:300,&quot;sizes&quot;:[]},&quot;lazyload&quot;:&quot;yes&quot;,&quot;ideal_row_height_tablet&quot;:{&quot;unit&quot;:&quot;px&quot;,&quot;size&quot;:150,&quot;sizes&quot;:[]},&quot;ideal_row_height_mobile&quot;:{&quot;unit&quot;:&quot;px&quot;,&quot;size&quot;:150,&quot;sizes&quot;:[]},&quot;gap&quot;:{&quot;unit&quot;:&quot;px&quot;,&quot;size&quot;:10,&quot;sizes&quot;:[]},&quot;gap_tablet&quot;:{&quot;unit&quot;:&quot;px&quot;,&quot;size&quot;:10,&quot;sizes&quot;:[]},&quot;gap_mobile&quot;:{&quot;unit&quot;:&quot;px&quot;,&quot;size&quot;:10,&quot;sizes&quot;:[]},&quot;overlay_background&quot;:&quot;yes&quot;,&quot;content_hover_animation&quot;:&quot;fade-in&quot;}\" data-widget_type=\"gallery.default\">\n\t\t\t\t<div class=\"elementor-widget-container\">\n\t\t\t\t\t\t\t<div class=\"elementor-gallery__container\">\n\t\t\t\t\t\t\t<div class=\"e-gallery-item elementor-gallery-item elementor-animated-content\">\n\t\t\t\t\t<div class=\"e-gallery-image elementor-gallery-item__image\" data-thumbnail=\"https:\/\/www.germomogas.com\/wp-content\/uploads\/2023\/12\/ESTAR-COMEDOR-768x600.jpg\" data-width=\"768\" data-height=\"600\" aria-label=\"\" role=\"img\" ><\/div>\n\t\t\t\t\t\t\t\t\t\t\t<div class=\"elementor-gallery-item__overlay\"><\/div>\n\t\t\t\t\t\t\t\t\t\t\t\t\t\t<\/div>\n\t\t\t\t\t\t\t<div class=\"e-gallery-item elementor-gallery-item elementor-animated-content\">\n\t\t\t\t\t<div class=\"e-gallery-image elementor-gallery-item__image\" data-thumbnail=\"https:\/\/www.germomogas.com\/wp-content\/uploads\/2023\/12\/COCINA-SALA-ESTAR-Y-COMEDOR-v2-768x619.jpg\" data-width=\"768\" data-height=\"619\" aria-label=\"\" role=\"img\" ><\/div>\n\t\t\t\t\t\t\t\t\t\t\t<div class=\"elementor-gallery-item__overlay\"><\/div>\n\t\t\t\t\t\t\t\t\t\t\t\t\t\t<\/div>\n\t\t\t\t\t\t\t<div class=\"e-gallery-item elementor-gallery-item elementor-animated-content\">\n\t\t\t\t\t<div class=\"e-gallery-image elementor-gallery-item__image\" data-thumbnail=\"https:\/\/www.germomogas.com\/wp-content\/uploads\/2023\/12\/MENJADOR-32-768x432.jpg\" data-width=\"768\" data-height=\"432\" aria-label=\"\" role=\"img\" ><\/div>\n\t\t\t\t\t\t\t\t\t\t\t<div class=\"elementor-gallery-item__overlay\"><\/div>\n\t\t\t\t\t\t\t\t\t\t\t\t\t\t<\/div>\n\t\t\t\t\t\t\t<div class=\"e-gallery-item elementor-gallery-item elementor-animated-content\">\n\t\t\t\t\t<div class=\"e-gallery-image elementor-gallery-item__image\" data-thumbnail=\"https:\/\/www.germomogas.com\/wp-content\/uploads\/2023\/12\/S-1-y-zona-comun-2-768x1141.jpg\" data-width=\"768\" data-height=\"1141\" aria-label=\"\" role=\"img\" ><\/div>\n\t\t\t\t\t\t\t\t\t\t\t<div class=\"elementor-gallery-item__overlay\"><\/div>\n\t\t\t\t\t\t\t\t\t\t\t\t\t\t<\/div>\n\t\t\t\t\t\t\t<div class=\"e-gallery-item elementor-gallery-item elementor-animated-content\">\n\t\t\t\t\t<div class=\"e-gallery-image elementor-gallery-item__image\" data-thumbnail=\"https:\/\/www.germomogas.com\/wp-content\/uploads\/2023\/12\/cocina-31-768x505.jpg\" data-width=\"768\" data-height=\"505\" aria-label=\"\" role=\"img\" ><\/div>\n\t\t\t\t\t\t\t\t\t\t\t<div class=\"elementor-gallery-item__overlay\"><\/div>\n\t\t\t\t\t\t\t\t\t\t\t\t\t\t<\/div>\n\t\t\t\t\t\t\t<div class=\"e-gallery-item elementor-gallery-item elementor-animated-content\">\n\t\t\t\t\t<div class=\"e-gallery-image elementor-gallery-item__image\" data-thumbnail=\"https:\/\/www.germomogas.com\/wp-content\/uploads\/2023\/12\/vestibulo-entresol-2-768x1342.jpg\" data-width=\"768\" data-height=\"1342\" aria-label=\"\" role=\"img\" ><\/div>\n\t\t\t\t\t\t\t\t\t\t\t<div class=\"elementor-gallery-item__overlay\"><\/div>\n\t\t\t\t\t\t\t\t\t\t\t\t\t\t<\/div>\n\t\t\t\t\t<\/div>\n\t\t\t\t\t<\/div>\n\t\t\t\t<\/div>\n\t\t\t\t<div class=\"elementor-element elementor-element-bf29589 elementor-widget__width-initial elementor-widget elementor-widget-text-editor\" data-id=\"bf29589\" data-element_type=\"widget\" data-e-type=\"widget\" data-widget_type=\"text-editor.default\">\n\t\t\t\t<div class=\"elementor-widget-container\">\n\t\t\t\t\t\t\t\t\t<h3>Or\u00edgens<\/h3>\n<p>Al comen\u00e7ament del segle XX, entre els anys 1915 i 1920, la fam\u00edlia Mogas va adquirir dues finques a la ciutat de Barcelona. Les finques estan situades en el cor de Ciutat Vella, la primera al carrer Llibreteria, al costat de la pla\u00e7a Sant Jaume, a tocar de l&#8217;ajuntament de Barcelona i la Generalitat de Catalunya i la segona al carrer Princesa b\u00e9 prop del Museu Picasso de Barcelona.<\/p>\n<p>Posteriorment, en trenta la fam\u00edlia va construir la finca situada en el barri de Gr\u00e0cia, al carrer Julian Romea, i la casa unifamiliar en el municipi de l&#8217;Ametlla del Vall\u00e8s.<\/p>\n<\/p>\n<h3>Evoluci\u00f3<\/h3>\n<p>La gesti\u00f3 de les finques ha anat passant de generaci\u00f3 en generaci\u00f3, anant evolucionant fins a crear, en 2005, l&#8217;empresa GERMO MOGAS, SL. tenint per objectiu la gesti\u00f3 de pisos de lloguer a Barcelona i l&#8217;Ametlla del Vall\u00e8s.<\/p>\n<p>Les finques formen part del teixit de la ciutat, estan perfectament integrades en els barris. La conservaci\u00f3 i el manteniment del patrimoni \u00e9s fonamental per la nostra empresa. GERMO MOGAS SL ha dedicat i dedica molts esfor\u00e7os en la rehabilitaci\u00f3 i conservaci\u00f3 de les finques, respectant elements caracter\u00edstics de la construcci\u00f3 de l&#8217;\u00e8poca (les rajoles hidr\u00e0uliques, l&#8217;esgrafiat en els vest\u00edbuls, &#8230;) aix\u00ed com adaptant-les a les normes actuals i necessitats dels llogaters (instal\u00b7laci\u00f3 d&#8217;ascensors, adequaci\u00f3 de les instal\u00b7lacions el\u00e8ctriques, &#8230;.)<\/p>\n\t\t\t\t\t\t\t\t<\/div>\n\t\t\t\t<\/div>\n\t\t\t\t\t<\/div>\n\t\t\t\t<\/div>\n\t\t<div class=\"elementor-element elementor-element-65b48a5 e-flex e-con-boxed e-con e-parent\" data-id=\"65b48a5\" data-element_type=\"container\" data-e-type=\"container\">\n\t\t\t\t\t<div class=\"e-con-inner\">\n\t\t\t\t<div class=\"elementor-element elementor-element-d62447c elementor-widget elementor-widget-text-editor\" data-id=\"d62447c\" data-element_type=\"widget\" data-e-type=\"widget\" data-widget_type=\"text-editor.default\">\n\t\t\t\t<div class=\"elementor-widget-container\">\n\t\t\t\t\t\t\t\t\t<p>Locals<\/p>\n\t\t\t\t\t\t\t\t<\/div>\n\t\t\t\t<\/div>\n\t\t\t\t<div class=\"elementor-element elementor-element-dc371c8 elementor-widget__width-initial elementor-widget elementor-widget-text-editor\" data-id=\"dc371c8\" data-element_type=\"widget\" data-e-type=\"widget\" data-widget_type=\"text-editor.default\">\n\t\t\t\t<div class=\"elementor-widget-container\">\n\t\t\t\t\t\t\t\t\t<p>Pot\u00e8ncia la teva visi\u00f3 empresarial amb els nostres locals comercials de primera categoria. En Germo Mogas, oferim espais que no sols compleixen amb les teves necessitats comercials, sin\u00f3 que tamb\u00e9 impulsen el teu \u00e8xit. Troba la ubicaci\u00f3 perfecta per al teu negoci i fes-ho cr\u00e9ixer amb nosaltres.<\/p>\n\t\t\t\t\t\t\t\t<\/div>\n\t\t\t\t<\/div>\n\t\t\t\t<div class=\"elementor-element elementor-element-62f42e2 elementor-align-center elementor-widget elementor-widget-button\" data-id=\"62f42e2\" data-element_type=\"widget\" data-e-type=\"widget\" data-widget_type=\"button.default\">\n\t\t\t\t<div class=\"elementor-widget-container\">\n\t\t\t\t\t\t\t\t\t<div class=\"elementor-button-wrapper\">\n\t\t\t\t\t<a class=\"elementor-button elementor-button-link elementor-size-sm\" href=\"https:\/\/www.germomogas.com\/ca\/locals\/\">\n\t\t\t\t\t\t<span class=\"elementor-button-content-wrapper\">\n\t\t\t\t\t\t\t\t\t<span class=\"elementor-button-text\">M\u00e9s informaci\u00f3<\/span>\n\t\t\t\t\t<\/span>\n\t\t\t\t\t<\/a>\n\t\t\t\t<\/div>\n\t\t\t\t\t\t\t\t<\/div>\n\t\t\t\t<\/div>\n\t\t\t\t\t<\/div>\n\t\t\t\t<\/div>\n\t\t<div class=\"elementor-element elementor-element-d0cc1a1 e-flex e-con-boxed e-con e-parent\" data-id=\"d0cc1a1\" data-element_type=\"container\" data-e-type=\"container\">\n\t\t\t\t\t<div class=\"e-con-inner\">\n\t\t\t\t<div class=\"elementor-element elementor-element-018486a elementor-widget elementor-widget-text-editor\" data-id=\"018486a\" data-element_type=\"widget\" data-e-type=\"widget\" data-widget_type=\"text-editor.default\">\n\t\t\t\t<div class=\"elementor-widget-container\">\n\t\t\t\t\t\t\t\t\t<p>Habitatges<\/p>\n\t\t\t\t\t\t\t\t<\/div>\n\t\t\t\t<\/div>\n\t\t\t\t<div class=\"elementor-element elementor-element-2c966ff elementor-widget__width-initial elementor-widget elementor-widget-text-editor\" data-id=\"2c966ff\" data-element_type=\"widget\" data-e-type=\"widget\" data-widget_type=\"text-editor.default\">\n\t\t\t\t<div class=\"elementor-widget-container\">\n\t\t\t\t\t\t\t\t\t<p>Explora el nostre cat\u00e0leg d&#8217;habitatges dissenyats per a la teva comoditat i estil de vida. En Germo Mogas, ens enorgulleix oferir llars excepcionals que van m\u00e9s enll\u00e0 de les expectatives. Descobreix la qualitat de vida que mereixes en les nostres exclusives propietats residencials.<\/p>\n\t\t\t\t\t\t\t\t<\/div>\n\t\t\t\t<\/div>\n\t\t\t\t<div class=\"elementor-element elementor-element-0f71f72 elementor-align-center elementor-widget elementor-widget-button\" data-id=\"0f71f72\" data-element_type=\"widget\" data-e-type=\"widget\" data-widget_type=\"button.default\">\n\t\t\t\t<div class=\"elementor-widget-container\">\n\t\t\t\t\t\t\t\t\t<div class=\"elementor-button-wrapper\">\n\t\t\t\t\t<a class=\"elementor-button elementor-button-link elementor-size-sm\" href=\"https:\/\/www.germomogas.com\/ca\/habitatges\/\">\n\t\t\t\t\t\t<span class=\"elementor-button-content-wrapper\">\n\t\t\t\t\t\t\t\t\t<span class=\"elementor-button-text\">M\u00e9s informaci\u00f3<\/span>\n\t\t\t\t\t<\/span>\n\t\t\t\t\t<\/a>\n\t\t\t\t<\/div>\n\t\t\t\t\t\t\t\t<\/div>\n\t\t\t\t<\/div>\n\t\t\t\t\t<\/div>\n\t\t\t\t<\/div>\n\t\t<div class=\"elementor-element elementor-element-3fab1c2 e-flex e-con-boxed e-con e-parent\" data-id=\"3fab1c2\" data-element_type=\"container\" data-e-type=\"container\">\n\t\t\t\t\t<div class=\"e-con-inner\">\n\t\t\t\t\t<\/div>\n\t\t\t\t<\/div>\n\t\t\t\t<\/div>\n\t\t","protected":false},"excerpt":{"rendered":"<p>Gesti\u00f3 de finques GERMO MOGAS SL, \u00e9s una empresa familiar dedicada a la gesti\u00f3 de tres finques situades a la ciutat de Barcelona i una casa unifamiliar situada a l&#8217;Ametlla del Vall\u00e8s. La nostra gesti\u00f3 \u00e9s pr\u00f2xima al llogater, tracte amable i afable. Or\u00edgens Al comen\u00e7ament del segle XX, entre els anys 1915 i 1920, &#8230; <a title=\"Inici\" class=\"read-more\" href=\"https:\/\/www.germomogas.com\/ca\/\" aria-label=\"M\u00e9s informaci\u00f3 sobre Inici\">Llegiu m\u00e9s<\/a><\/p>\n","protected":false},"author":1,"featured_media":0,"parent":0,"menu_order":1,"comment_status":"closed","ping_status":"closed","template":"elementor_header_footer","meta":{"footnotes":""},"class_list":["post-638","page","type-page","status-publish"],"yoast_head":"<!-- This site is optimized with the Yoast SEO plugin v27.3 - https:\/\/yoast.com\/product\/yoast-seo-wordpress\/ -->\n<title>Inici - Germo Mogas<\/title>\n<meta name=\"robots\" content=\"index, follow, max-snippet:-1, max-image-preview:large, max-video-preview:-1\" \/>\n<link rel=\"canonical\" href=\"https:\/\/www.germomogas.com\/ca\/\" \/>\n<meta property=\"og:locale\" content=\"ca_ES\" \/>\n<meta property=\"og:type\" content=\"article\" \/>\n<meta property=\"og:title\" content=\"Inici - Germo Mogas\" \/>\n<meta property=\"og:description\" content=\"Gesti\u00f3 de finques GERMO MOGAS SL, \u00e9s una empresa familiar dedicada a la gesti\u00f3 de tres finques situades a la ciutat de Barcelona i una casa unifamiliar situada a l&#8217;Ametlla del Vall\u00e8s. La nostra gesti\u00f3 \u00e9s pr\u00f2xima al llogater, tracte amable i afable. Or\u00edgens Al comen\u00e7ament del segle XX, entre els anys 1915 i 1920, ... Llegiu m\u00e9s\" \/>\n<meta property=\"og:url\" content=\"https:\/\/www.germomogas.com\/ca\/\" \/>\n<meta property=\"og:site_name\" content=\"Germo Mogas\" \/>\n<meta property=\"article:modified_time\" content=\"2024-02-26T09:53:17+00:00\" \/>\n<meta name=\"twitter:card\" content=\"summary_large_image\" \/>\n<meta name=\"twitter:label1\" content=\"Temps estimat de lectura\" \/>\n\t<meta name=\"twitter:data1\" content=\"2 minuts\" \/>\n<script type=\"application\/ld+json\" class=\"yoast-schema-graph\">{\"@context\":\"https:\\\/\\\/schema.org\",\"@graph\":[{\"@type\":\"WebPage\",\"@id\":\"https:\\\/\\\/www.germomogas.com\\\/ca\\\/\",\"url\":\"https:\\\/\\\/www.germomogas.com\\\/ca\\\/\",\"name\":\"Inici - Germo Mogas\",\"isPartOf\":{\"@id\":\"https:\\\/\\\/www.germomogas.com\\\/ca\\\/#website\"},\"datePublished\":\"2023-12-01T09:58:29+00:00\",\"dateModified\":\"2024-02-26T09:53:17+00:00\",\"breadcrumb\":{\"@id\":\"https:\\\/\\\/www.germomogas.com\\\/ca\\\/#breadcrumb\"},\"inLanguage\":\"ca\",\"potentialAction\":[{\"@type\":\"ReadAction\",\"target\":[\"https:\\\/\\\/www.germomogas.com\\\/ca\\\/\"]}]},{\"@type\":\"BreadcrumbList\",\"@id\":\"https:\\\/\\\/www.germomogas.com\\\/ca\\\/#breadcrumb\",\"itemListElement\":[{\"@type\":\"ListItem\",\"position\":1,\"name\":\"Inicio\",\"item\":\"https:\\\/\\\/www.germomogas.com\\\/ca\\\/\"},{\"@type\":\"ListItem\",\"position\":2,\"name\":\"Inici\"}]},{\"@type\":\"WebSite\",\"@id\":\"https:\\\/\\\/www.germomogas.com\\\/ca\\\/#website\",\"url\":\"https:\\\/\\\/www.germomogas.com\\\/ca\\\/\",\"name\":\"Germo Mogas\",\"description\":\"\",\"potentialAction\":[{\"@type\":\"SearchAction\",\"target\":{\"@type\":\"EntryPoint\",\"urlTemplate\":\"https:\\\/\\\/www.germomogas.com\\\/ca\\\/?s={search_term_string}\"},\"query-input\":{\"@type\":\"PropertyValueSpecification\",\"valueRequired\":true,\"valueName\":\"search_term_string\"}}],\"inLanguage\":\"ca\"}]}<\/script>\n<!-- \/ Yoast SEO plugin. -->","yoast_head_json":{"title":"Inici - Germo Mogas","robots":{"index":"index","follow":"follow","max-snippet":"max-snippet:-1","max-image-preview":"max-image-preview:large","max-video-preview":"max-video-preview:-1"},"canonical":"https:\/\/www.germomogas.com\/ca\/","og_locale":"ca_ES","og_type":"article","og_title":"Inici - Germo Mogas","og_description":"Gesti\u00f3 de finques GERMO MOGAS SL, \u00e9s una empresa familiar dedicada a la gesti\u00f3 de tres finques situades a la ciutat de Barcelona i una casa unifamiliar situada a l&#8217;Ametlla del Vall\u00e8s. La nostra gesti\u00f3 \u00e9s pr\u00f2xima al llogater, tracte amable i afable. Or\u00edgens Al comen\u00e7ament del segle XX, entre els anys 1915 i 1920, ... Llegiu m\u00e9s","og_url":"https:\/\/www.germomogas.com\/ca\/","og_site_name":"Germo Mogas","article_modified_time":"2024-02-26T09:53:17+00:00","twitter_card":"summary_large_image","twitter_misc":{"Temps estimat de lectura":"2 minuts"},"schema":{"@context":"https:\/\/schema.org","@graph":[{"@type":"WebPage","@id":"https:\/\/www.germomogas.com\/ca\/","url":"https:\/\/www.germomogas.com\/ca\/","name":"Inici - Germo Mogas","isPartOf":{"@id":"https:\/\/www.germomogas.com\/ca\/#website"},"datePublished":"2023-12-01T09:58:29+00:00","dateModified":"2024-02-26T09:53:17+00:00","breadcrumb":{"@id":"https:\/\/www.germomogas.com\/ca\/#breadcrumb"},"inLanguage":"ca","potentialAction":[{"@type":"ReadAction","target":["https:\/\/www.germomogas.com\/ca\/"]}]},{"@type":"BreadcrumbList","@id":"https:\/\/www.germomogas.com\/ca\/#breadcrumb","itemListElement":[{"@type":"ListItem","position":1,"name":"Inicio","item":"https:\/\/www.germomogas.com\/ca\/"},{"@type":"ListItem","position":2,"name":"Inici"}]},{"@type":"WebSite","@id":"https:\/\/www.germomogas.com\/ca\/#website","url":"https:\/\/www.germomogas.com\/ca\/","name":"Germo Mogas","description":"","potentialAction":[{"@type":"SearchAction","target":{"@type":"EntryPoint","urlTemplate":"https:\/\/www.germomogas.com\/ca\/?s={search_term_string}"},"query-input":{"@type":"PropertyValueSpecification","valueRequired":true,"valueName":"search_term_string"}}],"inLanguage":"ca"}]}},"_links":{"self":[{"href":"https:\/\/www.germomogas.com\/ca\/wp-json\/wp\/v2\/pages\/638","targetHints":{"allow":["GET"]}}],"collection":[{"href":"https:\/\/www.germomogas.com\/ca\/wp-json\/wp\/v2\/pages"}],"about":[{"href":"https:\/\/www.germomogas.com\/ca\/wp-json\/wp\/v2\/types\/page"}],"author":[{"embeddable":true,"href":"https:\/\/www.germomogas.com\/ca\/wp-json\/wp\/v2\/users\/1"}],"replies":[{"embeddable":true,"href":"https:\/\/www.germomogas.com\/ca\/wp-json\/wp\/v2\/comments?post=638"}],"version-history":[{"count":12,"href":"https:\/\/www.germomogas.com\/ca\/wp-json\/wp\/v2\/pages\/638\/revisions"}],"predecessor-version":[{"id":684,"href":"https:\/\/www.germomogas.com\/ca\/wp-json\/wp\/v2\/pages\/638\/revisions\/684"}],"wp:attachment":[{"href":"https:\/\/www.germomogas.com\/ca\/wp-json\/wp\/v2\/media?parent=638"}],"curies":[{"name":"wp","href":"https:\/\/api.w.org\/{rel}","templated":true}]}}